{"id":31738,"date":"2026-02-21T12:22:54","date_gmt":"2026-02-21T11:22:54","guid":{"rendered":"https:\/\/profika.com.pl\/?post_type=product&#038;p=31738"},"modified":"2026-02-21T12:22:55","modified_gmt":"2026-02-21T11:22:55","slug":"podkaszarka-akumulatorowa-ego-power-st1610e-t-56v-4ah-z-akumulatorem-4ah-i-ladowarka-ch2100e-z-systemem-nawijania-zylki-powerload-oraz-technologia-line-iq","status":"publish","type":"product","link":"https:\/\/profika.com.pl\/index.php\/produkt\/podkaszarka-akumulatorowa-ego-power-st1610e-t-56v-4ah-z-akumulatorem-4ah-i-ladowarka-ch2100e-z-systemem-nawijania-zylki-powerload-oraz-technologia-line-iq\/","title":{"rendered":"Podkaszarka akumulatorowa EGO POWER+ ST1610E-T, 56V\/4Ah (z akumulatorem 4Ah i \u0142adowark\u0105 CH2100E) &#8211; z systemem nawijania \u017cy\u0142ki POWERLOAD oraz technologi\u0105 LINE IQ"},"content":{"rendered":"<p>Technologie EGO Powerload\u2122 i Line IQ\u2122 sprawiaj\u0105, \u017ce zadania koszenia s\u0105 \u0142atwiejsze ni\u017c kiedykolwiek, w po\u0142\u0105czeniu z szeroko\u015bci\u0105 koszenia 40 cm i 2 zaprogramowanymi pr\u0119dko\u015bciami.<\/p>\n<p>IQ-LINE nieprzerwane koszenie<br \/>\nNowy ergonomiczny projekt ST1610E-T i wiod\u0105ce w bran\u017cy funkcje technologiczne sprawiaj\u0105, \u017ce jest to naprawd\u0119 wyj\u0105tkowe narz\u0119dzie do przycinania. Firma EGO po raz kolejny zrewolucjonizowa\u0142a swoj\u0105 gam\u0119 podkaszarek Power+, wprowadzaj\u0105c sw\u00f3j najnowszy model z technologi\u0105 Line IQ\u2122, kt\u00f3ra po raz pierwszy zapewnia nieprzerwan\u0105 wydajno\u015b\u0107.<\/p>\n<p>Nak\u0142adanie \u017cy\u0142ki to czysta przyjemno\u015b\u0107<br \/>\nNajnowsza innowacja firmy EGO obejmuje automatyczne czujniki, kt\u00f3re automatycznie monitoruj\u0105 i podaj\u0105 d\u0142ugo\u015b\u0107 \u017cy\u0142ki, wi\u0119c koniec z czynno\u015bciami \u201edotknij i id\u017a\u201d w celu podania \u017cy\u0142ki do g\u0142owicy tn\u0105cej. Wraz z opatentowan\u0105 przez EGO technologi\u0105 Powerload\u2122, zosta\u0142a zaprojektowana w celu wyeliminowania irytuj\u0105cych problem\u00f3w, dzi\u0119ki czemu mo\u017cesz skupi\u0107 si\u0119 na wykonywanej pracy.<\/p>\n","protected":false},"excerpt":{"rendered":"<p><strong>Specyfikacja:<\/strong><\/p>\n<p><strong>Szeroko\u015b\u0107 ci\u0119cia [cm]:<\/strong> 40<br \/>\n<strong>D\u0142ugo\u015b\u0107 ca\u0142kowita [cm]:<\/strong> 165-184<br \/>\n<strong>Pr\u0119dko\u015b\u0107 obrot\u00f3w [obr\/min]:<\/strong> 3500-5500<br \/>\n<strong>\u0141agodny start:<\/strong> tak<br \/>\n<strong>\u015arednica linki tn\u0105cej:<\/strong> 2.4 mm<br \/>\n<strong>Nak\u0142adanie \u017cy\u0142ki:<\/strong> Powerload<br \/>\n<strong>Podw\u00f3jna \u017cy\u0142ka:<\/strong> (Dual line) tak<br \/>\n<strong>Uchwyt pomocniczy:<\/strong> tak<br \/>\n<strong>Uprz\u0105\u017c: tak<\/strong><br \/>\n<strong>Waga bez baterii [kg]:<\/strong> 3.4<br \/>\n<strong>Typ silnika:<\/strong> bezszczotkowy<br \/>\n<strong>\u0141adowarka w zestawie:<\/strong> tak<br \/>\n<strong>Bateria w zestawie:<\/strong> tak<\/p>\n","protected":false},"featured_media":31739,"template":"","meta":[],"product_brand":[103],"product_cat":[74,75],"product_tag":[],"class_list":{"0":"post-31738","1":"product","2":"type-product","3":"status-publish","4":"has-post-thumbnail","6":"product_brand-ego","7":"product_cat-narzedzia","8":"product_cat-podkaszarki","10":"first","11":"instock","12":"sale","13":"shipping-taxable","14":"purchasable","15":"product-type-simple"},"aioseo_notices":[],"_links":{"self":[{"href":"https:\/\/profika.com.pl\/index.php\/wp-json\/wp\/v2\/product\/31738","targetHints":{"allow":["GET"]}}],"collection":[{"href":"https:\/\/profika.com.pl\/index.php\/wp-json\/wp\/v2\/product"}],"about":[{"href":"https:\/\/profika.com.pl\/index.php\/wp-json\/wp\/v2\/types\/product"}],"version-history":[{"count":1,"href":"https:\/\/profika.com.pl\/index.php\/wp-json\/wp\/v2\/product\/31738\/revisions"}],"predecessor-version":[{"id":31743,"href":"https:\/\/profika.com.pl\/index.php\/wp-json\/wp\/v2\/product\/31738\/revisions\/31743"}],"wp:featuredmedia":[{"embeddable":true,"href":"https:\/\/profika.com.pl\/index.php\/wp-json\/wp\/v2\/media\/31739"}],"wp:attachment":[{"href":"https:\/\/profika.com.pl\/index.php\/wp-json\/wp\/v2\/media?parent=31738"}],"wp:term":[{"taxonomy":"product_brand","embeddable":true,"href":"https:\/\/profika.com.pl\/index.php\/wp-json\/wp\/v2\/product_brand?post=31738"},{"taxonomy":"product_cat","embeddable":true,"href":"https:\/\/profika.com.pl\/index.php\/wp-json\/wp\/v2\/product_cat?post=31738"},{"taxonomy":"product_tag","embeddable":true,"href":"https:\/\/profika.com.pl\/index.php\/wp-json\/wp\/v2\/product_tag?post=31738"}],"curies":[{"name":"wp","href":"https:\/\/api.w.org\/{rel}","templated":true}]}}