{"id":31744,"date":"2026-02-21T12:34:52","date_gmt":"2026-02-21T11:34:52","guid":{"rendered":"https:\/\/profika.com.pl\/?post_type=product&#038;p=31744"},"modified":"2026-02-21T12:34:52","modified_gmt":"2026-02-21T11:34:52","slug":"rotocut-multi-tool-ego-power-professional-rta2300-z-dwoma-przeciwbieznymi-tarczami-56v-sama-przystawka","status":"publish","type":"product","link":"https:\/\/profika.com.pl\/index.php\/produkt\/rotocut-multi-tool-ego-power-professional-rta2300-z-dwoma-przeciwbieznymi-tarczami-56v-sama-przystawka\/","title":{"rendered":"Rotocut MULTI-TOOL EGO POWER+ PROFESSIONAL RTA2300, z dwoma przeciwbie\u017cnymi tarczami, 56V (sama przystawka)"},"content":{"rendered":"<p>Wykaszarka z g\u0142owic\u0105 Rotocut bez odrzutu Multi-tool RTA2300 EGO POWER+ to symbol nowoczesnej technologii i niezawodno\u015bci. Ta innowacyjna narz\u0119dzie, wyposa\u017cona w dwie przeciwbie\u017cne ostrza, umo\u017cliwia precyzyjne koszenie trawy, chwast\u00f3w i mchu z minimalnym ryzykiem odprysk\u00f3w. Idealna do pracy w ciasnych przestrzeniach lub blisko pojazd\u00f3w i innych obiekt\u00f3w.<\/p>\n<p>Wykaszarka EGO Power+ oferuje znaczn\u0105 elastyczno\u015b\u0107 podczas pracy, zapewniaj\u0105c szeroko\u015b\u0107 ci\u0119cia 23 cm i pr\u0119dko\u015b\u0107 ci\u0119cia 450rpm. Wytrzyma\u0142e ostrza wykonane s\u0105 ze stali o wysokiej wytrzyma\u0142o\u015bci, umo\u017cliwiaj\u0105c bezpieczne i efektywne przeprowadzenie ka\u017cdego zadania. P\u0142yta bazowa jest zamontowana na \u0142o\u017cyskach, co zwi\u0119ksza og\u00f3ln\u0105 \u017cywotno\u015b\u0107 narz\u0119dzia i redukuje uszkodzenia nawierzchni.<\/p>\n<p>Ostrza zosta\u0142y zaprojektowane tak, aby zapewni\u0107 czyste i wydajne ci\u0119cie, jednocze\u015bnie zachowuj\u0105c trwa\u0142o\u015b\u0107. Wykaszarka Rotocut mo\u017ce by\u0107 u\u017cywana na dowolnym ustawieniu pr\u0119dko\u015bci na g\u0142owicy PH1400E oraz PH1420E. Mo\u017ce by\u0107 r\u00f3wnie\u017c u\u017cywana z dowolnymi narz\u0119dziami z tylnym silnikiem lub wielofunkcyjnymi narz\u0119dziami EGO, co czyni j\u0105 ostatecznym dodatkiem do precyzyjnego ci\u0119cia i ochrony.<\/p>\n<p>G\u0142owica, kt\u00f3rej zadaniem jest zapobieganie uszkodzeniom pojazd\u00f3w podczas koszenia, jest wyposa\u017cona w dwa dyski, kt\u00f3re krusz\u0105 kamienie zamiast odrzuca\u0107 je na boki. Dzi\u0119ki tej konstrukcji minimalizuje si\u0119 ryzyko uszkodze\u0144 szyb oraz pow\u0142ok lakierniczych pojazd\u00f3w znajduj\u0105cych si\u0119 w pobli\u017cu miejsca, gdzie prowadzone s\u0105 prace porz\u0105dkowe. To rozwi\u0105zanie pozwala na skuteczn\u0105 ochron\u0119 samochod\u00f3w przed ewentualnymi uszkodzeniami spowodowanymi przez kamienie czy inne obiekty, kt\u00f3re mog\u0105 by\u0107 unoszone podczas koszenia trawy.<\/p>\n<p>Wyj\u0105tkowa moc i wydajno\u015b\u0107<br \/>\nEGO Power+ Multi-tool to znakomity spos\u00f3b na korzystanie ze wszystkich zalet mocy bez u\u017cycia paliwa. Po\u0142\u0105cz narz\u0119dzia, kt\u00f3rych potrzebujesz, z moc\u0105 i wydajno\u015bci\u0105 naszych unikalnych, opatentowanych baterii ARC Lithium\u2122 i silnik\u00f3w bezszczotkowych, aby wykona\u0107 swoj\u0105 prac\u0119.<\/p>\n","protected":false},"excerpt":{"rendered":"<p><strong>Urz\u0105dzenie multi-tool:<\/strong><br \/>\n<strong>Waga [kg]:<\/strong> 2<br \/>\n<strong>Szeroko\u015b\u0107 ci\u0119cia [cm]:<\/strong> 23<br \/>\n<strong>Materia\u0142 i typ ostrza:<\/strong> wysokiej jako\u015bci stal.<\/p>\n","protected":false},"featured_media":31745,"template":"","meta":[],"product_brand":[103],"product_cat":[74,75],"product_tag":[],"class_list":{"0":"post-31744","1":"product","2":"type-product","3":"status-publish","4":"has-post-thumbnail","6":"product_brand-ego","7":"product_cat-narzedzia","8":"product_cat-podkaszarki","10":"first","11":"instock","12":"sale","13":"shipping-taxable","14":"purchasable","15":"product-type-simple"},"aioseo_notices":[],"_links":{"self":[{"href":"https:\/\/profika.com.pl\/index.php\/wp-json\/wp\/v2\/product\/31744","targetHints":{"allow":["GET"]}}],"collection":[{"href":"https:\/\/profika.com.pl\/index.php\/wp-json\/wp\/v2\/product"}],"about":[{"href":"https:\/\/profika.com.pl\/index.php\/wp-json\/wp\/v2\/types\/product"}],"version-history":[{"count":2,"href":"https:\/\/profika.com.pl\/index.php\/wp-json\/wp\/v2\/product\/31744\/revisions"}],"predecessor-version":[{"id":31747,"href":"https:\/\/profika.com.pl\/index.php\/wp-json\/wp\/v2\/product\/31744\/revisions\/31747"}],"wp:featuredmedia":[{"embeddable":true,"href":"https:\/\/profika.com.pl\/index.php\/wp-json\/wp\/v2\/media\/31745"}],"wp:attachment":[{"href":"https:\/\/profika.com.pl\/index.php\/wp-json\/wp\/v2\/media?parent=31744"}],"wp:term":[{"taxonomy":"product_brand","embeddable":true,"href":"https:\/\/profika.com.pl\/index.php\/wp-json\/wp\/v2\/product_brand?post=31744"},{"taxonomy":"product_cat","embeddable":true,"href":"https:\/\/profika.com.pl\/index.php\/wp-json\/wp\/v2\/product_cat?post=31744"},{"taxonomy":"product_tag","embeddable":true,"href":"https:\/\/profika.com.pl\/index.php\/wp-json\/wp\/v2\/product_tag?post=31744"}],"curies":[{"name":"wp","href":"https:\/\/api.w.org\/{rel}","templated":true}]}}