{"id":31748,"date":"2026-02-21T12:45:39","date_gmt":"2026-02-21T11:45:39","guid":{"rendered":"https:\/\/profika.com.pl\/?post_type=product&#038;p=31748"},"modified":"2026-02-21T12:45:39","modified_gmt":"2026-02-21T11:45:39","slug":"zamiatarka-multi-tool-ego-power-professional-bba2100-56v-sama-przystawka","status":"publish","type":"product","link":"https:\/\/profika.com.pl\/index.php\/produkt\/zamiatarka-multi-tool-ego-power-professional-bba2100-56v-sama-przystawka\/","title":{"rendered":"Zamiatarka MULTI-TOOL EGO POWER+ PROFESSIONAL BBA2100, 56V (sama przystawka)"},"content":{"rendered":"<p>Zamiatarka szczotka 56cm Multi-tool BBA2100 EGO POWER+ jest kompatybilna z powerheadami PH1400E, PH1420E oraz komercyjnym PHX1600E. Dzi\u0119ki temu mo\u017cna j\u0105 \u0142atwo dopasowa\u0107 do r\u00f3\u017cnych modeli, co zwi\u0119ksza jej wszechstronno\u015b\u0107 i u\u017cyteczno\u015b\u0107 w r\u00f3\u017cnych zastosowaniach.<br \/>\nSzeroko\u015b\u0107 robocza wynosz\u0105ca 56 cm pozwala na efektywne i szybkie zamiatanie du\u017cych powierzchni. Dzi\u0119ki temu urz\u0105dzenie jest idealne zar\u00f3wno do u\u017cytku domowego, jak i profesjonalnego, zapewniaj\u0105c wysok\u0105 wydajno\u015b\u0107 pracy.<br \/>\nZamiatarka wyposa\u017cona jest w wymienne ko\u0144c\u00f3wki z odpornym na \u015bcieranie nylonowym w\u0142osiem. Mo\u017cna r\u00f3wnie\u017c zamontowa\u0107 ko\u0144c\u00f3wki \u0142opatkowe ARB2100 Paddle Broom, co dodatkowo zwi\u0119ksza funkcjonalno\u015b\u0107 urz\u0105dzenia i umo\u017cliwia dostosowanie go do r\u00f3\u017cnych zada\u0144.<\/p>\n","protected":false},"excerpt":{"rendered":"<p><strong>Specyfikacja: <\/strong><br \/>\n<strong>szczotka:<\/strong> 56cm<\/p>\n","protected":false},"featured_media":31749,"template":"","meta":[],"product_brand":[103],"product_cat":[142,74],"product_tag":[],"class_list":{"0":"post-31748","1":"product","2":"type-product","3":"status-publish","4":"has-post-thumbnail","6":"product_brand-ego","7":"product_cat-zamiatarki","8":"product_cat-narzedzia","10":"first","11":"instock","12":"sale","13":"shipping-taxable","14":"purchasable","15":"product-type-simple"},"aioseo_notices":[],"_links":{"self":[{"href":"https:\/\/profika.com.pl\/index.php\/wp-json\/wp\/v2\/product\/31748","targetHints":{"allow":["GET"]}}],"collection":[{"href":"https:\/\/profika.com.pl\/index.php\/wp-json\/wp\/v2\/product"}],"about":[{"href":"https:\/\/profika.com.pl\/index.php\/wp-json\/wp\/v2\/types\/product"}],"version-history":[{"count":2,"href":"https:\/\/profika.com.pl\/index.php\/wp-json\/wp\/v2\/product\/31748\/revisions"}],"predecessor-version":[{"id":31759,"href":"https:\/\/profika.com.pl\/index.php\/wp-json\/wp\/v2\/product\/31748\/revisions\/31759"}],"wp:featuredmedia":[{"embeddable":true,"href":"https:\/\/profika.com.pl\/index.php\/wp-json\/wp\/v2\/media\/31749"}],"wp:attachment":[{"href":"https:\/\/profika.com.pl\/index.php\/wp-json\/wp\/v2\/media?parent=31748"}],"wp:term":[{"taxonomy":"product_brand","embeddable":true,"href":"https:\/\/profika.com.pl\/index.php\/wp-json\/wp\/v2\/product_brand?post=31748"},{"taxonomy":"product_cat","embeddable":true,"href":"https:\/\/profika.com.pl\/index.php\/wp-json\/wp\/v2\/product_cat?post=31748"},{"taxonomy":"product_tag","embeddable":true,"href":"https:\/\/profika.com.pl\/index.php\/wp-json\/wp\/v2\/product_tag?post=31748"}],"curies":[{"name":"wp","href":"https:\/\/api.w.org\/{rel}","templated":true}]}}