{"id":31760,"date":"2026-02-23T09:09:48","date_gmt":"2026-02-23T08:09:48","guid":{"rendered":"https:\/\/profika.com.pl\/?post_type=product&#038;p=31760"},"modified":"2026-02-23T09:13:22","modified_gmt":"2026-02-23T08:13:22","slug":"31760","status":"publish","type":"product","link":"https:\/\/profika.com.pl\/index.php\/produkt\/31760\/","title":{"rendered":"No\u017cyce do \u017cywop\u0142otu MULTI-TOOL EGO POWER+ PROFESSIONAL HTA2000 160cm, 56V (sama przystawka)"},"content":{"rendered":"<p>Bezpieczna i szybka praca bez konieczno\u015bci u\u017cywania drabiny? Bez ci\u0105g\u0142ego wchodzenia i schodzenia? To wszystko uzyskasz dzi\u0119ki no\u017cycom do \u017cywop\u0142otu z zestawu multi-tool HTA2000 EGO POWER+. G\u0142owic\u0119 no\u017cyc mo\u017cesz ustawi\u0107 w 12 sta\u0142ych po\u0142o\u017ceniach, dzi\u0119ki czemu ci\u0119cie wierzcho\u0142k\u00f3w i bok\u00f3w \u017cywop\u0142otu staje si\u0119 proste i bezproblemowe.<br \/>\nKoniec z przestawianiem i ustawianiem drabiny. Nie straszny nam te\u017c jest l\u0119k wysoko\u015bci. Teraz wszystko przytniesz i doprowadzisz do porz\u0105dku dzi\u0119ki jednemu urz\u0105dzeniu o ogromnym spektrum zastosowa\u0144. Oszcz\u0119dzasz czas, pieni\u0105dze i nerwy.<\/p>\n","protected":false},"excerpt":{"rendered":"<p><strong>Urz\u0105dzenie multi-tool:<\/strong><br \/>\n<strong>D\u0142ugo\u015b\u0107 ca\u0142kowita [cm]<\/strong> 160\/99 z\u0142o\u017cone<br \/>\n<strong>D\u0142ugo\u015b\u0107 ostrza [cm]<\/strong> 51<br \/>\n<strong>Odleg\u0142o\u015b\u0107 miedzy z\u0119bami [mm]<\/strong> 26<br \/>\n<strong>Materia\u0142 i typ ostrza dwustronne stalowe wycinane laserem<\/strong><br \/>\n<strong>Sta\u0142e k\u0105ty ci\u0119cia 12 ustawie\u0144<\/strong><br \/>\n<strong>Waga [kg]<\/strong> 2.3<\/p>\n","protected":false},"featured_media":31761,"template":"","meta":[],"product_brand":[103],"product_cat":[74,77],"product_tag":[],"class_list":{"0":"post-31760","1":"product","2":"type-product","3":"status-publish","4":"has-post-thumbnail","6":"product_brand-ego","7":"product_cat-narzedzia","8":"product_cat-nozyce","10":"first","11":"instock","12":"sale","13":"shipping-taxable","14":"purchasable","15":"product-type-simple"},"aioseo_notices":[],"_links":{"self":[{"href":"https:\/\/profika.com.pl\/index.php\/wp-json\/wp\/v2\/product\/31760","targetHints":{"allow":["GET"]}}],"collection":[{"href":"https:\/\/profika.com.pl\/index.php\/wp-json\/wp\/v2\/product"}],"about":[{"href":"https:\/\/profika.com.pl\/index.php\/wp-json\/wp\/v2\/types\/product"}],"version-history":[{"count":5,"href":"https:\/\/profika.com.pl\/index.php\/wp-json\/wp\/v2\/product\/31760\/revisions"}],"predecessor-version":[{"id":31770,"href":"https:\/\/profika.com.pl\/index.php\/wp-json\/wp\/v2\/product\/31760\/revisions\/31770"}],"wp:featuredmedia":[{"embeddable":true,"href":"https:\/\/profika.com.pl\/index.php\/wp-json\/wp\/v2\/media\/31761"}],"wp:attachment":[{"href":"https:\/\/profika.com.pl\/index.php\/wp-json\/wp\/v2\/media?parent=31760"}],"wp:term":[{"taxonomy":"product_brand","embeddable":true,"href":"https:\/\/profika.com.pl\/index.php\/wp-json\/wp\/v2\/product_brand?post=31760"},{"taxonomy":"product_cat","embeddable":true,"href":"https:\/\/profika.com.pl\/index.php\/wp-json\/wp\/v2\/product_cat?post=31760"},{"taxonomy":"product_tag","embeddable":true,"href":"https:\/\/profika.com.pl\/index.php\/wp-json\/wp\/v2\/product_tag?post=31760"}],"curies":[{"name":"wp","href":"https:\/\/api.w.org\/{rel}","templated":true}]}}