{"id":31771,"date":"2026-02-23T09:24:40","date_gmt":"2026-02-23T08:24:40","guid":{"rendered":"https:\/\/profika.com.pl\/?post_type=product&#038;p=31771"},"modified":"2026-02-23T09:24:40","modified_gmt":"2026-02-23T08:24:40","slug":"odsniezarka-multi-tool-ego-power-professional-ssa1200-56v","status":"publish","type":"product","link":"https:\/\/profika.com.pl\/index.php\/produkt\/odsniezarka-multi-tool-ego-power-professional-ssa1200-56v\/","title":{"rendered":"Od\u015bnie\u017carka MULTI-TOOL EGO POWER+ PROFESSIONAL SSA1200, 56V"},"content":{"rendered":"<p>Odsnie\u017carka SSA1200 to dodatkowa przystawka do systemu Multi-tool EGO POWER+. Urz\u0105dzenie zasilane jest przez baz\u0119 PH1400E (dost\u0119pn\u0105 oddzielnie). Dzi\u0119ki wysokiej mocy do 2 kW mo\u017ce od\u015bnie\u017ca\u0107 na odleg\u0142o\u015b\u0107 do 7,5 m, co wyr\u00f3\u017cnia j\u0105 spo\u015br\u00f3d innych akumulatorowych od\u015bnie\u017carek dost\u0119pnych na rynku. Wyposa\u017cona jest w sterowanie kierunkiem wyrzutu od\u015bnie\u017cania w zakresie 60\u00b0 (30\u00b0 w prawo i w lewo).<br \/>\nSzeroko\u015b\u0107 od\u015bnie\u017cania wynosi do 30 cm, co czyni j\u0105 idealn\u0105 do od\u015bnie\u017cania chodnik\u00f3w, podjazd\u00f3w i parking\u00f3w. Usuwa do 15 cm \u015bwie\u017cego \u015bniegu z parkingu na 4 samochody na jednym \u0142adowaniu przy u\u017cyciu zalecanego akumulatora 56V 4,0 Ah (dost\u0119pny osobno).<\/p>\n","protected":false},"excerpt":{"rendered":"<p><strong>Urz\u0105dzenie multi-tool:<\/strong><br \/>\n<strong>Waga [kg]<\/strong> 5,2<\/p>\n","protected":false},"featured_media":31772,"template":"","meta":[],"product_brand":[103],"product_cat":[145,74],"product_tag":[],"class_list":{"0":"post-31771","1":"product","2":"type-product","3":"status-publish","4":"has-post-thumbnail","6":"product_brand-ego","7":"product_cat-odsniezarki","8":"product_cat-narzedzia","10":"first","11":"instock","12":"sale","13":"shipping-taxable","14":"purchasable","15":"product-type-simple"},"aioseo_notices":[],"_links":{"self":[{"href":"https:\/\/profika.com.pl\/index.php\/wp-json\/wp\/v2\/product\/31771","targetHints":{"allow":["GET"]}}],"collection":[{"href":"https:\/\/profika.com.pl\/index.php\/wp-json\/wp\/v2\/product"}],"about":[{"href":"https:\/\/profika.com.pl\/index.php\/wp-json\/wp\/v2\/types\/product"}],"version-history":[{"count":1,"href":"https:\/\/profika.com.pl\/index.php\/wp-json\/wp\/v2\/product\/31771\/revisions"}],"predecessor-version":[{"id":31777,"href":"https:\/\/profika.com.pl\/index.php\/wp-json\/wp\/v2\/product\/31771\/revisions\/31777"}],"wp:featuredmedia":[{"embeddable":true,"href":"https:\/\/profika.com.pl\/index.php\/wp-json\/wp\/v2\/media\/31772"}],"wp:attachment":[{"href":"https:\/\/profika.com.pl\/index.php\/wp-json\/wp\/v2\/media?parent=31771"}],"wp:term":[{"taxonomy":"product_brand","embeddable":true,"href":"https:\/\/profika.com.pl\/index.php\/wp-json\/wp\/v2\/product_brand?post=31771"},{"taxonomy":"product_cat","embeddable":true,"href":"https:\/\/profika.com.pl\/index.php\/wp-json\/wp\/v2\/product_cat?post=31771"},{"taxonomy":"product_tag","embeddable":true,"href":"https:\/\/profika.com.pl\/index.php\/wp-json\/wp\/v2\/product_tag?post=31771"}],"curies":[{"name":"wp","href":"https:\/\/api.w.org\/{rel}","templated":true}]}}