{"id":31779,"date":"2026-02-23T09:46:04","date_gmt":"2026-02-23T08:46:04","guid":{"rendered":"https:\/\/profika.com.pl\/?post_type=product&#038;p=31779"},"modified":"2026-02-23T09:46:04","modified_gmt":"2026-02-23T08:46:04","slug":"pilarka-akumulatorowa-ego-power-cs1400e-z-akumulatorem-ba1400t-i-ladowarka-ch2100e","status":"publish","type":"product","link":"https:\/\/profika.com.pl\/index.php\/produkt\/pilarka-akumulatorowa-ego-power-cs1400e-z-akumulatorem-ba1400t-i-ladowarka-ch2100e\/","title":{"rendered":"Pilarka akumulatorowa EGO POWER CS1400E z akumulatorem BA1400T i \u0142adowark\u0105 CH2100E"},"content":{"rendered":"<p>Pi\u0142a \u0142a\u0144cuchowa EGO Power + jest jednym z najmocniejszych produkt\u00f3w tego typu na rynku. Pierwszy w historii akumulator litowo-jonowy 56 V ! To a\u017c, o 40% wi\u0119ksz\u0105 moc ni\u017c wiod\u0105cy akumulator 40 V !!! Jest wymienny i pasuje do wszystkich narz\u0119dzi EGO. Pr\u0119t &#8211; 35 cm i \u0142a\u0144cuch w po\u0142\u0105czeniu z wysokowydajnym bezszczotkowym silnikiem zapewnia p\u0142ynne ci\u0119cie. Bezszczotkowy silnik przed\u0142u\u017ca \u017cywotno\u015b\u0107 narz\u0119dzia i czas pracy. Pi\u0142a \u0142a\u0144cuchowa EGO Power + zapewnia dzia\u0142anie benzyny bez ha\u0142asu, zamieszania i opar\u00f3w.<\/p>\n","protected":false},"excerpt":{"rendered":"<p><strong>Pi\u0142a \u0142a\u0144cuchowa<\/strong><br \/>\n<strong>D\u0142ugo\u015b\u0107 prowadnicy [cm]<\/strong> 35<br \/>\n<strong>Pr\u0119dko\u015b\u0107 \u0142a\u0144cucha [m\/s]<\/strong> 13.5<br \/>\n<strong>Rodzaj prowadnicy<\/strong> AG1400<br \/>\n<strong>Typ \u0142ancucha<\/strong> AC1400 (90PX &#8211; 3\/8&#8243; x 1.1 mm)<br \/>\n<strong>Pojemnik na olej [ml]<\/strong> 150<br \/>\n<strong>Hamulec \u0142a\u0144cucha<\/strong> tak<br \/>\n<strong>Wibracje [m\/s2]<\/strong> 5.4\/4\/1<br \/>\n<strong>Napinanie \u0142a\u0144cucha pokr\u0119t\u0142o, nie wymaga u\u017cycia narz\u0119dzi<\/strong><br \/>\n<strong>Waga bez baterii [kg]<\/strong> 3.8<br \/>\n<strong>Typ silnika<\/strong> bezszczotkowy<\/p>\n","protected":false},"featured_media":31780,"template":"","meta":[],"product_brand":[103],"product_cat":[138,74],"product_tag":[],"class_list":{"0":"post-31779","1":"product","2":"type-product","3":"status-publish","4":"has-post-thumbnail","6":"product_brand-ego","7":"product_cat-pilarki-akumulatorowe","8":"product_cat-narzedzia","10":"first","11":"instock","12":"sale","13":"shipping-taxable","14":"purchasable","15":"product-type-simple"},"aioseo_notices":[],"_links":{"self":[{"href":"https:\/\/profika.com.pl\/index.php\/wp-json\/wp\/v2\/product\/31779","targetHints":{"allow":["GET"]}}],"collection":[{"href":"https:\/\/profika.com.pl\/index.php\/wp-json\/wp\/v2\/product"}],"about":[{"href":"https:\/\/profika.com.pl\/index.php\/wp-json\/wp\/v2\/types\/product"}],"version-history":[{"count":2,"href":"https:\/\/profika.com.pl\/index.php\/wp-json\/wp\/v2\/product\/31779\/revisions"}],"predecessor-version":[{"id":31786,"href":"https:\/\/profika.com.pl\/index.php\/wp-json\/wp\/v2\/product\/31779\/revisions\/31786"}],"wp:featuredmedia":[{"embeddable":true,"href":"https:\/\/profika.com.pl\/index.php\/wp-json\/wp\/v2\/media\/31780"}],"wp:attachment":[{"href":"https:\/\/profika.com.pl\/index.php\/wp-json\/wp\/v2\/media?parent=31779"}],"wp:term":[{"taxonomy":"product_brand","embeddable":true,"href":"https:\/\/profika.com.pl\/index.php\/wp-json\/wp\/v2\/product_brand?post=31779"},{"taxonomy":"product_cat","embeddable":true,"href":"https:\/\/profika.com.pl\/index.php\/wp-json\/wp\/v2\/product_cat?post=31779"},{"taxonomy":"product_tag","embeddable":true,"href":"https:\/\/profika.com.pl\/index.php\/wp-json\/wp\/v2\/product_tag?post=31779"}],"curies":[{"name":"wp","href":"https:\/\/api.w.org\/{rel}","templated":true}]}}