{"id":31787,"date":"2026-02-23T10:04:09","date_gmt":"2026-02-23T09:04:09","guid":{"rendered":"https:\/\/profika.com.pl\/?post_type=product&#038;p=31787"},"modified":"2026-02-23T10:26:04","modified_gmt":"2026-02-23T09:26:04","slug":"odsniezarka-akumulatorowa-snt2400e-peak-power-ego-power-z-ladowarkami-ch5500e-2szt-i-z-akumulatorami-75ah-2szt","status":"publish","type":"product","link":"https:\/\/profika.com.pl\/index.php\/produkt\/odsniezarka-akumulatorowa-snt2400e-peak-power-ego-power-z-ladowarkami-ch5500e-2szt-i-z-akumulatorami-75ah-2szt\/","title":{"rendered":"Od\u015bnie\u017carka akumulatorowa SNT2400E Peak Power EGO Power+ z \u0142adowarkami CH5500E 2szt. i z akumulatorami 7,5Ah 2szt."},"content":{"rendered":"<p>Nowa 2-stopniowa od\u015bnie\u017carka EGO POWER +<br \/>\nJest jedyn\u0105 akumulatorow\u0105 od\u015bnie\u017cark\u0105, kt\u00f3ra zapewnia moc i wydajno\u015b\u0107 urz\u0105dze\u0144 spalinowych. jak zawsze bez ha\u0142asu, wibracji i spalin. Technologia Peak Power \u2122 \u0142\u0105czy moc dw\u00f3ch dowolnych akumulator\u00f3w EGO 56V ARC Lithium \u2122, aby z \u0142atwo\u015bci\u0105 poradzi\u0107 sobie z najtrudniejszymi warunkami zimowymi oraz d\u0142ugo zalegaj\u0105cym \u015bniegiem na podjazdach i parkingach.<\/p>\n<p>Moc oraz kontrola<br \/>\nGardziel od\u015bnie\u017carki o wymiarach 24&#215;20 cali (61&#215;50 cm) poradzi sobie nawet z g\u0142\u0119bokim \u015bniegiem, a efektywna dysza potrafi wyrzuci\u0107 \u015bnieg na odleg\u0142o\u015b\u0107 13m. \u015alimak o zmiennej pr\u0119dko\u015bci i kierunek wyrzutu 200 stopni zapewniaj\u0105 pe\u0142n\u0105 kontrol\u0119 nad wyrzucaniem \u015bniegiem.<\/p>\n<p>Praca w trudnych warunkach<br \/>\nOd\u015bnie\u017cark\u0119 wyposa\u017cono w 4 diody LED, kt\u00f3re u\u0142atwiaj\u0105 u\u017cytkowanie wczesnym rankiem lub wieczorem.<\/p>\n<p>Moc urz\u0105dzenia spalinowego<br \/>\nSolidna konstrukcja i niezawodny silnik bezszczotkowy o wysokiej wydajno\u015bci sprawiaj\u0105, \u017ce dwustopniowa od\u015bnie\u017carka akumulatorowa EGO jest znakomitym narz\u0119dziem do u\u017cytku domowego oraz komercyjnego. To pierwsze w bran\u017cy tego typu urz\u0105dzenie o tak du\u017cej mocy i wydajno\u015bci urz\u0105dze\u0144 spalinowych.<\/p>\n","protected":false},"excerpt":{"rendered":"<p><strong>Specyfikacja:<\/strong><\/p>\n<p><strong>Obszar od\u015bnie\u017cania [m2]<\/strong> 223<br \/>\n<strong>Przepustowo\u015b\u0107 [kg\/min]<\/strong> 950<br \/>\n<strong>Ilo\u015b\u0107 port\u00f3w baterii<\/strong> 2<br \/>\n<strong>Szeroko\u015b\u0107 lemiesza [cm]<\/strong> 61<br \/>\n<strong>Wysoko\u015b\u0107 wlotu [cm]<\/strong> 51<br \/>\n<strong>Obr\u00f3t wyrzutu [stopni]<\/strong> 200 (sterowany joystickiem)<br \/>\n<strong>Maksymalny wyrzut [m]<\/strong> 13<br \/>\n<strong>Maksymalny wyrzut ci\u0119\u017ckiego \u015bniegu [m]<\/strong> 7,6<br \/>\n<strong>Materia\u0142 i \u015brednica wirnika<\/strong> stal 28cm<br \/>\n<strong>Ilo\u015b\u0107 stopni<\/strong> 2<br \/>\n<strong>Pr\u0119dko\u015b\u0107 jazdy [m\/s]<\/strong> 0.4-1.2<br \/>\n<strong>Bieg wsteczny<\/strong> tak<br \/>\n<strong>Waga bez baterii [kg]<\/strong> 68<\/p>\n","protected":false},"featured_media":31788,"template":"","meta":[],"product_brand":[103],"product_cat":[145,74],"product_tag":[],"class_list":{"0":"post-31787","1":"product","2":"type-product","3":"status-publish","4":"has-post-thumbnail","6":"product_brand-ego","7":"product_cat-odsniezarki","8":"product_cat-narzedzia","10":"first","11":"instock","12":"sale","13":"shipping-taxable","14":"purchasable","15":"product-type-simple"},"aioseo_notices":[],"_links":{"self":[{"href":"https:\/\/profika.com.pl\/index.php\/wp-json\/wp\/v2\/product\/31787","targetHints":{"allow":["GET"]}}],"collection":[{"href":"https:\/\/profika.com.pl\/index.php\/wp-json\/wp\/v2\/product"}],"about":[{"href":"https:\/\/profika.com.pl\/index.php\/wp-json\/wp\/v2\/types\/product"}],"version-history":[{"count":2,"href":"https:\/\/profika.com.pl\/index.php\/wp-json\/wp\/v2\/product\/31787\/revisions"}],"predecessor-version":[{"id":31794,"href":"https:\/\/profika.com.pl\/index.php\/wp-json\/wp\/v2\/product\/31787\/revisions\/31794"}],"wp:featuredmedia":[{"embeddable":true,"href":"https:\/\/profika.com.pl\/index.php\/wp-json\/wp\/v2\/media\/31788"}],"wp:attachment":[{"href":"https:\/\/profika.com.pl\/index.php\/wp-json\/wp\/v2\/media?parent=31787"}],"wp:term":[{"taxonomy":"product_brand","embeddable":true,"href":"https:\/\/profika.com.pl\/index.php\/wp-json\/wp\/v2\/product_brand?post=31787"},{"taxonomy":"product_cat","embeddable":true,"href":"https:\/\/profika.com.pl\/index.php\/wp-json\/wp\/v2\/product_cat?post=31787"},{"taxonomy":"product_tag","embeddable":true,"href":"https:\/\/profika.com.pl\/index.php\/wp-json\/wp\/v2\/product_tag?post=31787"}],"curies":[{"name":"wp","href":"https:\/\/api.w.org\/{rel}","templated":true}]}}