{"id":31798,"date":"2026-02-23T10:41:54","date_gmt":"2026-02-23T09:41:54","guid":{"rendered":"https:\/\/profika.com.pl\/?post_type=product&#038;p=31798"},"modified":"2026-02-24T08:48:02","modified_gmt":"2026-02-24T07:48:02","slug":"dmuchawa-akumulatorowa-lb6151e-turbo-zestaw-56v-ego-power","status":"publish","type":"product","link":"https:\/\/profika.com.pl\/index.php\/produkt\/dmuchawa-akumulatorowa-lb6151e-turbo-zestaw-56v-ego-power\/","title":{"rendered":"Dmuchawa akumulatorowa LB6151E Turbo zestaw 56V EGO POWER+"},"content":{"rendered":"<p>Wydajna dmuchawa do li\u015bci EGO Power+ LB6151E \u2013 czysto\u015b\u0107 bez kompromis\u00f3w<br \/>\nDmuchawa akumulatorowa EGO Power+ LB6151E to idealne rozwi\u0105zanie dla ka\u017cdego, kto ceni sobie skuteczno\u015b\u0107 i wygod\u0119 pracy w ogrodzie. Dzi\u0119ki maksymalnej wydajno\u015bci powietrza 1045 m\u00b3\/h i sile nadmuchu 18,5N, urz\u0105dzenie z \u0142atwo\u015bci\u0105 usuwa li\u015bcie i inne zanieczyszczenia z du\u017cych powierzchni. Dzi\u0119ki technologii zmiennej pr\u0119dko\u015bci oraz ergonomicznej konstrukcji obs\u0142uga jest intuicyjna i komfortowa.<\/p>\n<p>Technologia akumulatorowa EGO \u2013 moc i ekologia w jednym<br \/>\nZestaw LB6151E zawiera akumulator 2.5Ah oraz standardow\u0105 \u0142adowark\u0119, co pozwala na natychmiastowe rozpocz\u0119cie pracy bez konieczno\u015bci dodatkowych zakup\u00f3w. Bezszczotkowy silnik gwarantuje d\u0142u\u017csz\u0105 \u017cywotno\u015b\u0107 oraz efektywno\u015b\u0107 energetyczn\u0105, a akumulatorowa platforma EGO 56V ARC Lithium\u2122 zapewnia stabiln\u0105 i niezawodn\u0105 moc, eliminuj\u0105c emisj\u0119 spalin i ha\u0142as charakterystyczny dla tradycyjnych dmuchaw spalinowych.<\/p>\n<p>Komfort u\u017cytkowania i oszcz\u0119dno\u015b\u0107<br \/>\nDmuchawa LB6151E to narz\u0119dzie zaprojektowane z my\u015bl\u0105 o wygodzie u\u017cytkownika. Ergonomiczny uchwyt, niska waga oraz niski poziom ha\u0142asu sprawiaj\u0105, \u017ce praca w ogrodzie staje si\u0119 mniej m\u0119cz\u0105ca i bardziej efektywna. Brak kabli i paliwa to tak\u017ce oszcz\u0119dno\u015b\u0107 na kosztach eksploatacji oraz wi\u0119ksza swoboda ruchu. To doskona\u0142e rozwi\u0105zanie dla wymagaj\u0105cych u\u017cytkownik\u00f3w, kt\u00f3rzy ceni\u0105 sobie wydajno\u015b\u0107, ekologi\u0119 i nowoczesne technologie.<\/p>\n","protected":false},"excerpt":{"rendered":"<p><strong>Zestaw zawiera:<\/strong><\/p>\n<p><strong>Dmuchawa akumulatorowa LB6150E 56V EGO POWER+<\/strong> (1 szt.)<br \/>\n<strong>Bateria 2.5Ah 140 Wh 1P BA1400T 56V EGO POWER+<\/strong> (1 szt.)<br \/>\n<strong>\u0141adowarka standardowa CH2100E 210W 56V EGO POWER+<\/strong> (1 szt.)<\/p>\n","protected":false},"featured_media":31864,"template":"","meta":[],"product_brand":[103],"product_cat":[74,79],"product_tag":[],"class_list":{"0":"post-31798","1":"product","2":"type-product","3":"status-publish","4":"has-post-thumbnail","6":"product_brand-ego","7":"product_cat-narzedzia","8":"product_cat-dmuchawy","10":"first","11":"instock","12":"sale","13":"shipping-taxable","14":"purchasable","15":"product-type-simple"},"aioseo_notices":[],"_links":{"self":[{"href":"https:\/\/profika.com.pl\/index.php\/wp-json\/wp\/v2\/product\/31798","targetHints":{"allow":["GET"]}}],"collection":[{"href":"https:\/\/profika.com.pl\/index.php\/wp-json\/wp\/v2\/product"}],"about":[{"href":"https:\/\/profika.com.pl\/index.php\/wp-json\/wp\/v2\/types\/product"}],"version-history":[{"count":2,"href":"https:\/\/profika.com.pl\/index.php\/wp-json\/wp\/v2\/product\/31798\/revisions"}],"predecessor-version":[{"id":31801,"href":"https:\/\/profika.com.pl\/index.php\/wp-json\/wp\/v2\/product\/31798\/revisions\/31801"}],"wp:featuredmedia":[{"embeddable":true,"href":"https:\/\/profika.com.pl\/index.php\/wp-json\/wp\/v2\/media\/31864"}],"wp:attachment":[{"href":"https:\/\/profika.com.pl\/index.php\/wp-json\/wp\/v2\/media?parent=31798"}],"wp:term":[{"taxonomy":"product_brand","embeddable":true,"href":"https:\/\/profika.com.pl\/index.php\/wp-json\/wp\/v2\/product_brand?post=31798"},{"taxonomy":"product_cat","embeddable":true,"href":"https:\/\/profika.com.pl\/index.php\/wp-json\/wp\/v2\/product_cat?post=31798"},{"taxonomy":"product_tag","embeddable":true,"href":"https:\/\/profika.com.pl\/index.php\/wp-json\/wp\/v2\/product_tag?post=31798"}],"curies":[{"name":"wp","href":"https:\/\/api.w.org\/{rel}","templated":true}]}}