{"id":31806,"date":"2026-02-23T11:22:18","date_gmt":"2026-02-23T10:22:18","guid":{"rendered":"https:\/\/profika.com.pl\/?post_type=product&#038;p=31806"},"modified":"2026-02-23T11:22:18","modified_gmt":"2026-02-23T10:22:18","slug":"wertykulator-do-trawy-do-mutli-tool-da1400-ego-power","status":"publish","type":"product","link":"https:\/\/profika.com.pl\/index.php\/produkt\/wertykulator-do-trawy-do-mutli-tool-da1400-ego-power\/","title":{"rendered":"Wertykulator do trawy do Mutli-tool DA1400 EGO POWER+"},"content":{"rendered":"<p>Efektywne usuwanie filcu<br \/>\nPrzystawka DA1400 do Multitool to niezast\u0105pione narz\u0119dzie w piel\u0119gnacji trawnika. Dzi\u0119ki mo\u017cliwo\u015bci monta\u017cu na g\u0142owicy PH1400E lub PH1420E, skutecznie usuwa warstw\u0119 filcu znajduj\u0105c\u0105 si\u0119 pomi\u0119dzy traw\u0105 a gleb\u0105. To innowacyjne rozwi\u0105zanie pozwala na utrzymanie trawnika w doskona\u0142ej kondycji, eliminuj\u0105c problem nadmiaru darni, kt\u00f3ry mo\u017ce ogranicza\u0107 wzrost trawy.<\/p>\n<p>Usuwanie zanieczyszcze\u0144 i martwej trawy<br \/>\nDA1400 nie tylko usuwa dar\u0144, ale tak\u017ce skutecznie eliminuje zanieczyszczenia i martw\u0105 traw\u0119 z powierzchni trawnika. Dzi\u0119ki temu trawnik staje si\u0119 zdrowszy i bardziej estetyczny. Regularne stosowanie tej przystawki pozwala na zachowanie czysto\u015bci i \u015bwie\u017co\u015bci trawnika, co jest kluczowe dla jego d\u0142ugotrwa\u0142ego pi\u0119kna.<\/p>\n<p>\u0141atwo\u015b\u0107 monta\u017cu i u\u017cytkowania<br \/>\nPrzystawka DA1400 jest \u0142atwa w monta\u017cu i obs\u0142udze, co czyni j\u0105 idealnym wyborem zar\u00f3wno dla profesjonalist\u00f3w, jak i amator\u00f3w. Kompatybilno\u015b\u0107 z g\u0142owicami PH1400E i PH1420E zapewnia wszechstronno\u015b\u0107 i wygod\u0119 u\u017cytkowania. Dzi\u0119ki solidnej konstrukcji, narz\u0119dzie to jest trwa\u0142e i niezawodne, gwarantuj\u0105c satysfakcj\u0119 z u\u017cytkowania przez wiele sezon\u00f3w.<\/p>\n","protected":false},"excerpt":{"rendered":"<p>Efektywne usuwanie filcu Przystawka DA1400 do Multitool to niezast\u0105pione narz\u0119dzie w piel\u0119gnacji trawnika. Dzi\u0119ki mo\u017cliwo\u015bci monta\u017cu na g\u0142owicy PH1400E lub<\/p>\n","protected":false},"featured_media":31807,"template":"","meta":[],"product_brand":[103],"product_cat":[74,78],"product_tag":[],"class_list":{"0":"post-31806","1":"product","2":"type-product","3":"status-publish","4":"has-post-thumbnail","6":"product_brand-ego","7":"product_cat-narzedzia","8":"product_cat-aeratory","10":"first","11":"instock","12":"sale","13":"shipping-taxable","14":"purchasable","15":"product-type-simple"},"aioseo_notices":[],"_links":{"self":[{"href":"https:\/\/profika.com.pl\/index.php\/wp-json\/wp\/v2\/product\/31806","targetHints":{"allow":["GET"]}}],"collection":[{"href":"https:\/\/profika.com.pl\/index.php\/wp-json\/wp\/v2\/product"}],"about":[{"href":"https:\/\/profika.com.pl\/index.php\/wp-json\/wp\/v2\/types\/product"}],"version-history":[{"count":1,"href":"https:\/\/profika.com.pl\/index.php\/wp-json\/wp\/v2\/product\/31806\/revisions"}],"predecessor-version":[{"id":31808,"href":"https:\/\/profika.com.pl\/index.php\/wp-json\/wp\/v2\/product\/31806\/revisions\/31808"}],"wp:featuredmedia":[{"embeddable":true,"href":"https:\/\/profika.com.pl\/index.php\/wp-json\/wp\/v2\/media\/31807"}],"wp:attachment":[{"href":"https:\/\/profika.com.pl\/index.php\/wp-json\/wp\/v2\/media?parent=31806"}],"wp:term":[{"taxonomy":"product_brand","embeddable":true,"href":"https:\/\/profika.com.pl\/index.php\/wp-json\/wp\/v2\/product_brand?post=31806"},{"taxonomy":"product_cat","embeddable":true,"href":"https:\/\/profika.com.pl\/index.php\/wp-json\/wp\/v2\/product_cat?post=31806"},{"taxonomy":"product_tag","embeddable":true,"href":"https:\/\/profika.com.pl\/index.php\/wp-json\/wp\/v2\/product_tag?post=31806"}],"curies":[{"name":"wp","href":"https:\/\/api.w.org\/{rel}","templated":true}]}}