{"id":31809,"date":"2026-02-23T11:32:02","date_gmt":"2026-02-23T10:32:02","guid":{"rendered":"https:\/\/profika.com.pl\/?post_type=product&#038;p=31809"},"modified":"2026-02-23T11:32:02","modified_gmt":"2026-02-23T10:32:02","slug":"bateria-2-5ah-140-wh-1p-ba1400t-56v-ego-power","status":"publish","type":"product","link":"https:\/\/profika.com.pl\/index.php\/produkt\/bateria-2-5ah-140-wh-1p-ba1400t-56v-ego-power\/","title":{"rendered":"Bateria 2.5Ah 140 Wh 1P BA1400T 56V EGO POWER+"},"content":{"rendered":"<p>Do jakich urz\u0105dze\u0144 polecana jest ta bateria?<br \/>\nBA1400 wa\u017cy zaledwie 1.2 kg i ma niewielkie wymiary. Polecana jest do zasilania niewielkich urz\u0105dze\u0144, takich jak podkaszarki, no\u017cyce do \u017cywop\u0142otu, dmuchawy, pi\u0142y \u0142a\u0144cuchowe lub multi-tool. U\u017cywaj\u0105c tej baterii, bez problemu wyr\u00f3wnasz trawnik, przytniesz ro\u015bliny, usuniesz li\u015bcie oraz zrobisz porz\u0105dek z drewnem kominkowym.<\/p>\n<p>Jak d\u0142ugo pracuje bateria BA1400 EGO?<br \/>\nTo zalezy, w jakim urz\u0105dzeniu chcesz j\u0105 u\u017cy\u0107, w przypadku kosiarek czas pracy nie b\u0119dzie spektakularny. Urz\u0105dzenia zu\u017cywaj\u0105 wi\u0119cej energii i dla przyk\u0142adu w LM1700E czas pracy to 20 minut, co pozwala na skoszenie 400m2 trawnika.<\/p>\n<p>Je\u015bli u\u017cywasz pi\u0142y CS1400E, to bez problemu wykonasz 130 ci\u0119\u0107 o \u015brednicy 10 cm. W przypadku podkaszarki ST1300E czas pracy wyniesie nawet 70 minut, a no\u017cycami do \u017cywop\u0142otu mo\u017cesz pracowa\u0107 nawet przez 75 minut.<\/p>\n<p>Jak jest czas \u0142adowania baterii?<br \/>\nMniejsza bateria to r\u00f3wnie\u017c kr\u00f3tszy czas \u0142adowania, u\u017cywaj\u0105c standardowej \u0142adowarki, na\u0142adujesz akumulator w 50 minut a w przypadku \u0142adowarki szybkiej Rapid charger, czas \u0142adowania skraca si\u0119 do 30 minut. To wystarczaj\u0105co du\u017co czasu na przerw\u0119 w trakcie pracy i wypicie dobrej kawy.<\/p>\n","protected":false},"excerpt":{"rendered":"<p><strong>Poznaj najmniejsz\u0105 bateri\u0119 EGO Power+ 56V Arc Lithium.<\/strong><br \/>\n<strong>Akumulator 2,5 Ah jest lekki i zapewnia optymalny czas pracy.<\/strong><\/p>\n","protected":false},"featured_media":31810,"template":"","meta":[],"product_brand":[103],"product_cat":[73,86],"product_tag":[],"class_list":{"0":"post-31809","1":"product","2":"type-product","3":"status-publish","4":"has-post-thumbnail","6":"product_brand-ego","7":"product_cat-akcesoria","8":"product_cat-akumulatory","10":"first","11":"instock","12":"shipping-taxable","13":"purchasable","14":"product-type-simple"},"aioseo_notices":[],"_links":{"self":[{"href":"https:\/\/profika.com.pl\/index.php\/wp-json\/wp\/v2\/product\/31809","targetHints":{"allow":["GET"]}}],"collection":[{"href":"https:\/\/profika.com.pl\/index.php\/wp-json\/wp\/v2\/product"}],"about":[{"href":"https:\/\/profika.com.pl\/index.php\/wp-json\/wp\/v2\/types\/product"}],"version-history":[{"count":1,"href":"https:\/\/profika.com.pl\/index.php\/wp-json\/wp\/v2\/product\/31809\/revisions"}],"predecessor-version":[{"id":31813,"href":"https:\/\/profika.com.pl\/index.php\/wp-json\/wp\/v2\/product\/31809\/revisions\/31813"}],"wp:featuredmedia":[{"embeddable":true,"href":"https:\/\/profika.com.pl\/index.php\/wp-json\/wp\/v2\/media\/31810"}],"wp:attachment":[{"href":"https:\/\/profika.com.pl\/index.php\/wp-json\/wp\/v2\/media?parent=31809"}],"wp:term":[{"taxonomy":"product_brand","embeddable":true,"href":"https:\/\/profika.com.pl\/index.php\/wp-json\/wp\/v2\/product_brand?post=31809"},{"taxonomy":"product_cat","embeddable":true,"href":"https:\/\/profika.com.pl\/index.php\/wp-json\/wp\/v2\/product_cat?post=31809"},{"taxonomy":"product_tag","embeddable":true,"href":"https:\/\/profika.com.pl\/index.php\/wp-json\/wp\/v2\/product_tag?post=31809"}],"curies":[{"name":"wp","href":"https:\/\/api.w.org\/{rel}","templated":true}]}}