{"id":31822,"date":"2026-02-23T11:47:04","date_gmt":"2026-02-23T10:47:04","guid":{"rendered":"https:\/\/profika.com.pl\/?post_type=product&#038;p=31822"},"modified":"2026-02-23T11:47:04","modified_gmt":"2026-02-23T10:47:04","slug":"bateria-10-ah-560wh-4p-ba5600t-56v-ego-power","status":"publish","type":"product","link":"https:\/\/profika.com.pl\/index.php\/produkt\/bateria-10-ah-560wh-4p-ba5600t-56v-ego-power\/","title":{"rendered":"Bateria 10 Ah 560Wh 4P BA5600T 56V EGO POWER+"},"content":{"rendered":"<p>Jak d\u0142ugo mo\u017cna pracowa\u0107 na baterii?<br \/>\nBA5600T zapewnia najd\u0142u\u017cszy czas pracy ze wszystkimi urz\u0105dzeniami ogrodowymi EGO. Dla przyk\u0142adu, je\u015bli u\u017cywasz kosiarki LM2122E, czas pracy na tym urz\u0105dzeniu mo\u017cna wyd\u0142u\u017cy\u0107 do 65 minut, co przek\u0142ada si\u0119 na 1650m2 skoszonych na jednym \u0142adowaniu.<\/p>\n<p>W przypadku dmuchawy plecakowej LB6000E czas pracy mo\u017cna wyd\u0142u\u017cy\u0107 nawet do 240 minut ci\u0105g\u0142ej pracy na jednym \u0142adowaniu.<\/p>\n<p>Czy bateria jest zbyt ci\u0119\u017cka?<br \/>\nW por\u00f3wnaniu do mniejszych baterii EGO BA5600T mo\u017ce okaza\u0107 si\u0119 zbyt ci\u0119\u017cka do u\u017cytku z takimi uprzedzeniami jak podkaszarka lub no\u017cyce do \u017cywop\u0142otu. Dlatego proponujemy Ci stela\u017c plecakowy BH001E. To komfortowy zestaw do pracy z du\u017cymi bateriami, kt\u00f3ry pozwala wykona\u0107 prac\u0119 przy minimalnym wysi\u0142ku i praktycznie bez zm\u0119czenia.<\/p>\n<p>Czy bateria dostarczana jest z \u0142adowark\u0105?<br \/>\nBateria dostarczaj\u0105 jest bez \u0142adowarki. Do wyboru masz dwa rodzaje \u0142adowarek: standardow\u0105 i szybk\u0105 \u0142adowark\u0119 EGO. W przypadku standardowej \u0142adowarki czas \u0142adowania wynosi 190 minut a w przypadku \u0141adowarki Rapid, \u0142adowanie baterii zajmuje 70 minut.<\/p>\n<p>Czy bateria BA5600T pasuje do wszystkich kosiarek EGO?<br \/>\nTak! Bateria jest kompatybilna ze wszystkimi sprz\u0119tami EGO, r\u00f3wnie\u017c z serii ogrodowej, profesjonalnej oraz komercyjnej Professional X. Oczywi\u015bcie do dmuchaw, pi\u0142, podkaszarek oraz no\u017cyc do \u017cywop\u0142otu potrzebowa\u0107 b\u0119dziesz stela\u017ca plecakowego BH1001.<\/p>\n<p>Bateria wyposa\u017cona w Keep cool<br \/>\nJak ka\u017cda bateria EGO, r\u00f3wnie\u017c BA5600T wspierana jest technologi\u0105 Keep Cool, kt\u00f3ra ma wp\u0142yw na prac\u0119 ogniw i ochron\u0119 przed przegrzaniem. Dzi\u0119ki temu bateria zaraz po \u0142adowaniu mo\u017ce by\u0107 u\u017cywana w dowolnym urz\u0105dzeniu EGO.<\/p>\n","protected":false},"excerpt":{"rendered":"<p><strong>Oto najwi\u0119ksza bateria 56V Arc Lithium w rodzinie EGO Power+.<\/strong><br \/>\n<strong>10Ah akumulator zapewnia d\u0142ugi czas pracy przy optymalnym czasie \u0142adowania.<\/strong><\/p>\n","protected":false},"featured_media":31823,"template":"","meta":[],"product_brand":[103],"product_cat":[73,86],"product_tag":[],"class_list":{"0":"post-31822","1":"product","2":"type-product","3":"status-publish","4":"has-post-thumbnail","6":"product_brand-ego","7":"product_cat-akcesoria","8":"product_cat-akumulatory","10":"first","11":"instock","12":"sale","13":"shipping-taxable","14":"purchasable","15":"product-type-simple"},"aioseo_notices":[],"_links":{"self":[{"href":"https:\/\/profika.com.pl\/index.php\/wp-json\/wp\/v2\/product\/31822","targetHints":{"allow":["GET"]}}],"collection":[{"href":"https:\/\/profika.com.pl\/index.php\/wp-json\/wp\/v2\/product"}],"about":[{"href":"https:\/\/profika.com.pl\/index.php\/wp-json\/wp\/v2\/types\/product"}],"version-history":[{"count":1,"href":"https:\/\/profika.com.pl\/index.php\/wp-json\/wp\/v2\/product\/31822\/revisions"}],"predecessor-version":[{"id":31824,"href":"https:\/\/profika.com.pl\/index.php\/wp-json\/wp\/v2\/product\/31822\/revisions\/31824"}],"wp:featuredmedia":[{"embeddable":true,"href":"https:\/\/profika.com.pl\/index.php\/wp-json\/wp\/v2\/media\/31823"}],"wp:attachment":[{"href":"https:\/\/profika.com.pl\/index.php\/wp-json\/wp\/v2\/media?parent=31822"}],"wp:term":[{"taxonomy":"product_brand","embeddable":true,"href":"https:\/\/profika.com.pl\/index.php\/wp-json\/wp\/v2\/product_brand?post=31822"},{"taxonomy":"product_cat","embeddable":true,"href":"https:\/\/profika.com.pl\/index.php\/wp-json\/wp\/v2\/product_cat?post=31822"},{"taxonomy":"product_tag","embeddable":true,"href":"https:\/\/profika.com.pl\/index.php\/wp-json\/wp\/v2\/product_tag?post=31822"}],"curies":[{"name":"wp","href":"https:\/\/api.w.org\/{rel}","templated":true}]}}