{"id":31825,"date":"2026-02-23T12:03:12","date_gmt":"2026-02-23T11:03:12","guid":{"rendered":"https:\/\/profika.com.pl\/?post_type=product&#038;p=31825"},"modified":"2026-02-23T12:03:12","modified_gmt":"2026-02-23T11:03:12","slug":"glebogryzarka-multi-tool-ego-power-professional-cta9500-56v-sama-przystawka","status":"publish","type":"product","link":"https:\/\/profika.com.pl\/index.php\/produkt\/glebogryzarka-multi-tool-ego-power-professional-cta9500-56v-sama-przystawka\/","title":{"rendered":"Glebogryzarka Multi-tool EGO POWER+ PROFESSIONAL CTA9500, 56V (sama przystawka)"},"content":{"rendered":"<p>Wielofunkcyjno\u015b\u0107 i efektywno\u015b\u0107<br \/>\nKultywator CTA9500 Multi-tool EGO POWER+ to narz\u0119dzie wielofunkcyjne, kt\u00f3re zapewnia szeroko\u015b\u0107 robocz\u0105 24 cm. Dzi\u0119ki temu urz\u0105dzeniu przygotowanie gleby do sadzenia staje si\u0119 prostsze i bardziej efektywne. Obrotowe z\u0119by kultywatora skutecznie usuwaj\u0105 chwasty i napowietrzaj\u0105 gleb\u0119, co pozwala na lepszy start dla Twoich ro\u015blin.<\/p>\n<p>Oszcz\u0119dno\u015b\u0107 czasu i energii<br \/>\nDzi\u0119ki kultywatorowi CTA9500 skr\u00f3cisz czas pracy w ogrodzie. Urz\u0105dzenie wykonuje ca\u0142\u0105 ci\u0119\u017ck\u0105 prac\u0119 za Ciebie, co pozwala na zaoszcz\u0119dzenie czasu i energii. Mo\u017cesz wykorzysta\u0107 ten czas na odpoczynek i cieszenie si\u0119 rezultatami swojej pracy, maj\u0105c wi\u0119cej czasu na relaks z kubkiem ulubionej kawy.<\/p>\n<p>Kompatybilno\u015b\u0107 i wygoda<br \/>\nKultywator CTA9500 jest kompatybilny z Powerheadami PH1400E, PH1420E oraz komercyjnym PHX1600E. Wa\u017cy zaledwie 3.9 kg, a jego d\u0142ugo\u015b\u0107 ca\u0142kowita wynosi 92 cm, co sprawia, \u017ce jest wygodny w u\u017cyciu. Materia\u0142 chroni\u0105cy przed zanieczyszczeniami oraz szeroko\u015b\u0107 ci\u0119cia 21\/24 cm dodatkowo zwi\u0119kszaj\u0105 jego funkcjonalno\u015b\u0107 i wygod\u0119 u\u017cytkowania.<\/p>\n","protected":false},"excerpt":{"rendered":"<p><strong>Urz\u0105dzenie multi-tool<\/strong><\/p>\n<p><strong>Waga [kg]<\/strong> 3.9<br \/>\n<strong>D\u0142ugo\u015b\u0107 ca\u0142kowita [cm]<\/strong> 92<br \/>\n<strong>D\u0142ugo\u015b\u0107 ostrza [cm]<\/strong> 24<br \/>\n<strong>Materia\u0142 chroni\u0105cy przed zanieczyszczeniami<\/strong> plastik<br \/>\n<strong>Szeroko\u015b\u0107 ci\u0119cia [cm]<\/strong> 21\/24<\/p>\n","protected":false},"featured_media":31827,"template":"","meta":[],"product_brand":[103],"product_cat":[74,82],"product_tag":[],"class_list":{"0":"post-31825","1":"product","2":"type-product","3":"status-publish","4":"has-post-thumbnail","6":"product_brand-ego","7":"product_cat-narzedzia","8":"product_cat-glebogryzarki","10":"first","11":"instock","12":"sale","13":"shipping-taxable","14":"purchasable","15":"product-type-simple"},"aioseo_notices":[],"_links":{"self":[{"href":"https:\/\/profika.com.pl\/index.php\/wp-json\/wp\/v2\/product\/31825","targetHints":{"allow":["GET"]}}],"collection":[{"href":"https:\/\/profika.com.pl\/index.php\/wp-json\/wp\/v2\/product"}],"about":[{"href":"https:\/\/profika.com.pl\/index.php\/wp-json\/wp\/v2\/types\/product"}],"version-history":[{"count":1,"href":"https:\/\/profika.com.pl\/index.php\/wp-json\/wp\/v2\/product\/31825\/revisions"}],"predecessor-version":[{"id":31826,"href":"https:\/\/profika.com.pl\/index.php\/wp-json\/wp\/v2\/product\/31825\/revisions\/31826"}],"wp:featuredmedia":[{"embeddable":true,"href":"https:\/\/profika.com.pl\/index.php\/wp-json\/wp\/v2\/media\/31827"}],"wp:attachment":[{"href":"https:\/\/profika.com.pl\/index.php\/wp-json\/wp\/v2\/media?parent=31825"}],"wp:term":[{"taxonomy":"product_brand","embeddable":true,"href":"https:\/\/profika.com.pl\/index.php\/wp-json\/wp\/v2\/product_brand?post=31825"},{"taxonomy":"product_cat","embeddable":true,"href":"https:\/\/profika.com.pl\/index.php\/wp-json\/wp\/v2\/product_cat?post=31825"},{"taxonomy":"product_tag","embeddable":true,"href":"https:\/\/profika.com.pl\/index.php\/wp-json\/wp\/v2\/product_tag?post=31825"}],"curies":[{"name":"wp","href":"https:\/\/api.w.org\/{rel}","templated":true}]}}