{"id":31831,"date":"2026-02-23T12:13:12","date_gmt":"2026-02-23T11:13:12","guid":{"rendered":"https:\/\/profika.com.pl\/?post_type=product&#038;p=31831"},"modified":"2026-02-23T12:13:12","modified_gmt":"2026-02-23T11:13:12","slug":"nozyce-do-zywoplotu-akumulatorowe-ht2600e-66cm-56v-ego-power","status":"publish","type":"product","link":"https:\/\/profika.com.pl\/index.php\/produkt\/nozyce-do-zywoplotu-akumulatorowe-ht2600e-66cm-56v-ego-power\/","title":{"rendered":"No\u017cyce do \u017cywop\u0142otu akumulatorowe HT2600E 66cm 56V EGO Power+"},"content":{"rendered":"<p>Zaprojektowane, aby zapewnia\u0107 imponuj\u0105c\u0105 wydajno\u015b\u0107 ci\u0119cia na jednym \u0142adowaniu, dobrze wywa\u017cona konstrukcja i sprytne funkcje no\u017cyc do \u017cywop\u0142otu EGO Power+ sprawiaj\u0105, \u017ce praca na zewn\u0105trz jest \u0142atwiejsza i wygodniejsza.<\/p>\n<p>Wygodna praca<br \/>\nObrotowa r\u0119koje\u015b\u0107 oraz podw\u00f3jny system nap\u0119dowy zapewniaj\u0105 wi\u0119kszy komfort i bezpiecze\u0144stwo podczas u\u017cytkowania. R\u00f3wnocze\u015bnie p\u0142ynnie pracuj\u0105cy, cichy silnik bezszczotkowy i skrzynia bieg\u00f3w dostarczaj\u0105 tyle mocy, ile potrzebujesz, bez wibracji, spalin i ha\u0142asu silnika benzynowego.<\/p>\n<p>Precyzyjne ci\u0119cie<br \/>\nOstrza no\u017cyc do \u017cywop\u0142otu EGO s\u0105 obosieczne i diamentowo szlifowane, co zapewnia czyste i precyzyjne ci\u0119cie. No\u017cyce do \u017cywop\u0142otu EGO Power+ nadaj\u0105 si\u0119 do r\u00f3\u017cnych zada\u0144. Ponadto s\u0105 wyposa\u017cone w obosieczne, 66 cm, szlifowane diamentowo i ci\u0119te laserowo ostrza, kt\u00f3re zapewniaj\u0105 czystsze i bardziej precyzyjne ci\u0119cie.<\/p>\n<p>Hamulec elektryczny<br \/>\nDu\u017ca wydajno\u015b\u0107 ci\u0119cia pozwoli Ci pracowa\u0107 na wi\u0119kszych \u017cywop\u0142otach z grubszymi ga\u0142\u0119ziami i \u0142odygami. Os\u0142ona kraw\u0119dzi ostrza zapobiega uszkodzeniom przez przeszkody i niskie \u015bciany. Aby zapewni\u0107 bezpieczniejsze u\u017cytkowanie, os\u0142ona ostrza pomaga unikn\u0105\u0107 obra\u017ce\u0144, a hamulec elektryczny zatrzymuje ostrza po zwolnieniu spustu.<\/p>\n","protected":false},"excerpt":{"rendered":"<p><strong>Akumulatorowe no\u017cyce do \u017cywop\u0142otu<\/strong><\/p>\n<p><strong>D\u0142ugo\u015b\u0107 ostrza [cm]<\/strong> 66<br \/>\n<strong>Szczelina ostrza [cm]<\/strong> 30<br \/>\n<strong>Kontrola pr\u0119dko\u015bci<\/strong> sta\u0142a pr\u0119dko\u015b\u0107<br \/>\n<strong>Pr\u0119dko\u015b\u0107 obrot\u00f3w (kadencja) [kroki\/min]<\/strong> 3400<br \/>\n<strong>Typ ostrza<\/strong> wycinana laserowo, ostrzona diamentowo<br \/>\n<strong>Ci\u0119cie<\/strong> dwie listwy dwustronnie ostrzone<br \/>\n<strong>Ochrona ostrza<\/strong> tak &#8211; metalowa<br \/>\n<strong>Obracana r\u0119koje\u015b\u0107<\/strong> tak<br \/>\n<strong>Waga bez baterii<\/strong> 3.1 kg<\/p>\n","protected":false},"featured_media":31832,"template":"","meta":[],"product_brand":[103],"product_cat":[74,77],"product_tag":[],"class_list":{"0":"post-31831","1":"product","2":"type-product","3":"status-publish","4":"has-post-thumbnail","6":"product_brand-ego","7":"product_cat-narzedzia","8":"product_cat-nozyce","10":"first","11":"instock","12":"sale","13":"shipping-taxable","14":"purchasable","15":"product-type-simple"},"aioseo_notices":[],"_links":{"self":[{"href":"https:\/\/profika.com.pl\/index.php\/wp-json\/wp\/v2\/product\/31831","targetHints":{"allow":["GET"]}}],"collection":[{"href":"https:\/\/profika.com.pl\/index.php\/wp-json\/wp\/v2\/product"}],"about":[{"href":"https:\/\/profika.com.pl\/index.php\/wp-json\/wp\/v2\/types\/product"}],"version-history":[{"count":2,"href":"https:\/\/profika.com.pl\/index.php\/wp-json\/wp\/v2\/product\/31831\/revisions"}],"predecessor-version":[{"id":31836,"href":"https:\/\/profika.com.pl\/index.php\/wp-json\/wp\/v2\/product\/31831\/revisions\/31836"}],"wp:featuredmedia":[{"embeddable":true,"href":"https:\/\/profika.com.pl\/index.php\/wp-json\/wp\/v2\/media\/31832"}],"wp:attachment":[{"href":"https:\/\/profika.com.pl\/index.php\/wp-json\/wp\/v2\/media?parent=31831"}],"wp:term":[{"taxonomy":"product_brand","embeddable":true,"href":"https:\/\/profika.com.pl\/index.php\/wp-json\/wp\/v2\/product_brand?post=31831"},{"taxonomy":"product_cat","embeddable":true,"href":"https:\/\/profika.com.pl\/index.php\/wp-json\/wp\/v2\/product_cat?post=31831"},{"taxonomy":"product_tag","embeddable":true,"href":"https:\/\/profika.com.pl\/index.php\/wp-json\/wp\/v2\/product_tag?post=31831"}],"curies":[{"name":"wp","href":"https:\/\/api.w.org\/{rel}","templated":true}]}}