{"id":31837,"date":"2026-02-23T12:22:13","date_gmt":"2026-02-23T11:22:13","guid":{"rendered":"https:\/\/profika.com.pl\/?post_type=product&#038;p=31837"},"modified":"2026-02-23T12:23:03","modified_gmt":"2026-02-23T11:23:03","slug":"podkaszarka-akumulatorowa-st1401e-st-powerload-35cm-zestaw-56v-ego-power","status":"publish","type":"product","link":"https:\/\/profika.com.pl\/index.php\/produkt\/podkaszarka-akumulatorowa-st1401e-st-powerload-35cm-zestaw-56v-ego-power\/","title":{"rendered":"Podkaszarka akumulatorowa ST1401E-ST Powerload 35cm zestaw 56V EGO Power+"},"content":{"rendered":"<p>Teleskopowa podkaszarka EGO POWER+ w zestawie z bateri\u0105 2.5Ah 140Wh oraz podstawow\u0105 \u0142adowark\u0105 CH2100E o symbolu ST1401E-ST to lekkie, ale bardzo mocne urz\u0105dzenie o \u015brednicy ci\u0119cia 35 cm. Sprz\u0119t wyposa\u017cony jest z unikaln\u0105 g\u0142owic\u0105 POWERLOAD do automatycznego zwijania \u017cy\u0142ki.<\/p>\n<p>Podkaszarka z unikatowym systemem Powerload<br \/>\nGdy sko\u0144czy Ci si\u0119 \u017cy\u0142ka, po prostu przewlecz now\u0105 \u017cy\u0142k\u0119 przez g\u0142ow\u0119, naci\u015bnij przycisk Powerload, a podkaszarka wykona reszt\u0119 pracy za Ciebie. Dzi\u0119ki teleskopowemu trzonkowi d\u0142ugo\u015b\u0107 narz\u0119dzia mo\u017cna dostosowa\u0107 do potrzeb u\u017cytkownika. Sprz\u0119t zasilany jest mocnym, wytrzyma\u0142ym silnikiem bezszczotkowym. Narz\u0119dzie jest bardzo \u0142atwe w obs\u0142udze \u2014 wystarczy wsun\u0105\u0107 bateri\u0119 i gotowe.<\/p>\n<p>Zero spalin = zero problem\u00f3w<br \/>\nTechnologia akumulator\u00f3w 56V sprawia, \u017ce jego praca jest cicha, pozbawiona wibracji i emisji spalin, dzi\u0119ki czemu nie musisz si\u0119 martwi\u0107 problematycznym rozruchem na zimno i wymagaj\u0105c\u0105 konserwacj\u0105 podkaszarek spalinowych.<\/p>\n<p>Dwie pr\u0119dko\u015bci<br \/>\nPodkaszark\u0119 wyposa\u017cono r\u00f3wnie\u017c w p\u0142ynn\u0105 regulacj\u0119 w dw\u00f3ch poziomach pr\u0119dko\u015bci oraz bezpieczny cyngiel zaczerpni\u0119ty z naszych profesjonalnych modeli. W tym modelu \u017cy\u0142k\u0119 tn\u0105c\u0105 wysuwa si\u0119, stukaj\u0105c obracaj\u0105c\u0105 si\u0119 g\u0142owic\u0105 o ziemi\u0119.<\/p>\n","protected":false},"excerpt":{"rendered":"<p><strong>Podkaszarka akumulatorowa<\/strong><\/p>\n<p><strong>Szeroko\u015b\u0107 ci\u0119cia [cm]<\/strong> 35<br \/>\n<strong>D\u0142ugo\u015b\u0107 ca\u0142kowita [cm]<\/strong> 173<br \/>\n<strong>Kontrola pr\u0119dko\u015bci ci\u0119cia<\/strong> tak<br \/>\n<strong>Pr\u0119dko\u015b\u0107 obrot\u00f3w [obr\/min]<\/strong> 3,500-5,800<br \/>\n<strong>\u0141agodny start<\/strong> Tak<br \/>\n<strong>\u015arednica linki tn\u0105cej<\/strong> 2,4<br \/>\n<strong>Nak\u0142adanie \u017cy\u0142ki<\/strong> POWERLOAD\u2122<br \/>\n<strong>Kierunek obrot\u00f3w \u017cy\u0142ki<\/strong><br \/>\nZgodnie z ruchem wskaz\u00f3wek zegara<br \/>\n<strong>Uchwyt pomocniczy<\/strong> Tak<br \/>\n<strong>Waga bez baterii [kg]<\/strong> 3.4<\/p>\n","protected":false},"featured_media":31838,"template":"","meta":[],"product_brand":[103],"product_cat":[74,75],"product_tag":[],"class_list":{"0":"post-31837","1":"product","2":"type-product","3":"status-publish","4":"has-post-thumbnail","6":"product_brand-ego","7":"product_cat-narzedzia","8":"product_cat-podkaszarki","10":"first","11":"instock","12":"sale","13":"shipping-taxable","14":"purchasable","15":"product-type-simple"},"aioseo_notices":[],"_links":{"self":[{"href":"https:\/\/profika.com.pl\/index.php\/wp-json\/wp\/v2\/product\/31837","targetHints":{"allow":["GET"]}}],"collection":[{"href":"https:\/\/profika.com.pl\/index.php\/wp-json\/wp\/v2\/product"}],"about":[{"href":"https:\/\/profika.com.pl\/index.php\/wp-json\/wp\/v2\/types\/product"}],"version-history":[{"count":4,"href":"https:\/\/profika.com.pl\/index.php\/wp-json\/wp\/v2\/product\/31837\/revisions"}],"predecessor-version":[{"id":31842,"href":"https:\/\/profika.com.pl\/index.php\/wp-json\/wp\/v2\/product\/31837\/revisions\/31842"}],"wp:featuredmedia":[{"embeddable":true,"href":"https:\/\/profika.com.pl\/index.php\/wp-json\/wp\/v2\/media\/31838"}],"wp:attachment":[{"href":"https:\/\/profika.com.pl\/index.php\/wp-json\/wp\/v2\/media?parent=31837"}],"wp:term":[{"taxonomy":"product_brand","embeddable":true,"href":"https:\/\/profika.com.pl\/index.php\/wp-json\/wp\/v2\/product_brand?post=31837"},{"taxonomy":"product_cat","embeddable":true,"href":"https:\/\/profika.com.pl\/index.php\/wp-json\/wp\/v2\/product_cat?post=31837"},{"taxonomy":"product_tag","embeddable":true,"href":"https:\/\/profika.com.pl\/index.php\/wp-json\/wp\/v2\/product_tag?post=31837"}],"curies":[{"name":"wp","href":"https:\/\/api.w.org\/{rel}","templated":true}]}}