{"id":31848,"date":"2026-02-23T12:49:15","date_gmt":"2026-02-23T11:49:15","guid":{"rendered":"https:\/\/profika.com.pl\/?post_type=product&#038;p=31848"},"modified":"2026-02-23T12:49:48","modified_gmt":"2026-02-23T11:49:48","slug":"dmuchawa-akumulatorowa-plecakowa-lb6000e-56v-ego-power-zestaw","status":"publish","type":"product","link":"https:\/\/profika.com.pl\/index.php\/produkt\/dmuchawa-akumulatorowa-plecakowa-lb6000e-56v-ego-power-zestaw\/","title":{"rendered":"Dmuchawa akumulatorowa plecakowa LB6000E 56V EGO POWER + ZESTAW"},"content":{"rendered":"<p>Pracuj szybko i efektywnie z dmuchaw\u0105 akumulatorow\u0105 plecakow\u0105 LB6000E 56V EGO POWER+! Ta pot\u0119\u017cna dmuchawa, z moc\u0105 podmuchu a\u017c do 1020,3 m\u00b3\/h w trybie turbo, sprawi, \u017ce \u017cadne li\u015bcie czy odpadki nie b\u0119d\u0105 mia\u0142y szansy utrzyma\u0107 si\u0119 na Twojej posesji. Dzi\u0119ki cichemu i p\u0142ynnie pracuj\u0105cemu silnikowi bezszczotkowemu, dmuchawa jest cichsza ni\u017c tradycyjne modele spalinowe, zapewniaj\u0105c przyjemno\u015b\u0107 pracy bez ha\u0142asu i uci\u0105\u017cliwych wibracji.<\/p>\n<p>Do trudnych zada\u0144<br \/>\nNie musisz ju\u017c m\u0119czy\u0107 si\u0119 z ci\u0119\u017ckimi i pracoch\u0142onnymi zadaniami. Stela\u017c plecakowy gwarantuje wygod\u0119 podczas u\u017cytkowania, a p\u0142ynna regulacja si\u0142y o warto\u015bci 19,2 N umo\u017cliwia precyzyjne dostosowanie si\u0142y podmuchu do Twoich potrzeb. Niezale\u017cnie od tego, czy potrzebujesz delikatnego powiewu czy silnego wiatru, ta dmuchawa spe\u0142ni wszystkie Twoje oczekiwania.<\/p>\n<p>Pe\u0142na swoboda<br \/>\nCo wi\u0119cej, dmuchawa LB6000E dzia\u0142a ze wszystkimi bateriami EGO Power+ 56V, co daje Ci swobod\u0119 i elastyczno\u015b\u0107 w korzystaniu z urz\u0105dzenia. Zapomnij o ograniczeniach spalinowych modeli &#8211; teraz mo\u017cesz pracowa\u0107 w dowolnym miejscu bez obaw o emisj\u0119 szkodliwych substancji.<\/p>\n<p>Tryb Turbo<br \/>\nDodatkowo, \u0142atwo dost\u0119pna p\u0142ynna regulacja oraz tryb turbo pozwol\u0105 Ci jeszcze bardziej precyzyjnie kontrolowa\u0107 moc dmuchawy, gwarantuj\u0105c optymalne rezultaty. Niezale\u017cnie od tego, czy potrzebujesz szybko oczy\u015bci\u0107 podw\u00f3rko czy zebra\u0107 li\u015bcie na ogromnym trawniku, dmuchawa LB6000E z \u0142atwo\u015bci\u0105 sprosta ka\u017cdemu zadaniu.<\/p>\n","protected":false},"excerpt":{"rendered":"<p><strong>Dmuchawa akumulatorowa<\/strong><\/p>\n<p><strong>Maksymalna obj\u0119to\u015b\u0107 powietrza [m3\/h]<\/strong> 1020<br \/>\n<strong>Maksymalna pr\u0119dko\u015b\u0107 powietrza [km\/h]<\/strong> 193<br \/>\n<strong>Si\u0142a [N]<\/strong> 19.2<br \/>\n<strong>P\u0142ynna regulacja z funkcj\u0105 TURBO<\/strong><br \/>\n<strong> Waga bez baterii [kg]<\/strong> 5.7<\/p>\n","protected":false},"featured_media":31849,"template":"","meta":[],"product_brand":[103],"product_cat":[74,79],"product_tag":[],"class_list":{"0":"post-31848","1":"product","2":"type-product","3":"status-publish","4":"has-post-thumbnail","6":"product_brand-ego","7":"product_cat-narzedzia","8":"product_cat-dmuchawy","10":"first","11":"instock","12":"sale","13":"shipping-taxable","14":"purchasable","15":"product-type-simple"},"aioseo_notices":[],"_links":{"self":[{"href":"https:\/\/profika.com.pl\/index.php\/wp-json\/wp\/v2\/product\/31848","targetHints":{"allow":["GET"]}}],"collection":[{"href":"https:\/\/profika.com.pl\/index.php\/wp-json\/wp\/v2\/product"}],"about":[{"href":"https:\/\/profika.com.pl\/index.php\/wp-json\/wp\/v2\/types\/product"}],"version-history":[{"count":4,"href":"https:\/\/profika.com.pl\/index.php\/wp-json\/wp\/v2\/product\/31848\/revisions"}],"predecessor-version":[{"id":31853,"href":"https:\/\/profika.com.pl\/index.php\/wp-json\/wp\/v2\/product\/31848\/revisions\/31853"}],"wp:featuredmedia":[{"embeddable":true,"href":"https:\/\/profika.com.pl\/index.php\/wp-json\/wp\/v2\/media\/31849"}],"wp:attachment":[{"href":"https:\/\/profika.com.pl\/index.php\/wp-json\/wp\/v2\/media?parent=31848"}],"wp:term":[{"taxonomy":"product_brand","embeddable":true,"href":"https:\/\/profika.com.pl\/index.php\/wp-json\/wp\/v2\/product_brand?post=31848"},{"taxonomy":"product_cat","embeddable":true,"href":"https:\/\/profika.com.pl\/index.php\/wp-json\/wp\/v2\/product_cat?post=31848"},{"taxonomy":"product_tag","embeddable":true,"href":"https:\/\/profika.com.pl\/index.php\/wp-json\/wp\/v2\/product_tag?post=31848"}],"curies":[{"name":"wp","href":"https:\/\/api.w.org\/{rel}","templated":true}]}}