{"id":31854,"date":"2026-02-23T12:57:01","date_gmt":"2026-02-23T11:57:01","guid":{"rendered":"https:\/\/profika.com.pl\/?post_type=product&#038;p=31854"},"modified":"2026-02-23T12:57:01","modified_gmt":"2026-02-23T11:57:01","slug":"karbonowa-przedluzka-multi-tool-ep7501-ego-power","status":"publish","type":"product","link":"https:\/\/profika.com.pl\/index.php\/produkt\/karbonowa-przedluzka-multi-tool-ep7501-ego-power\/","title":{"rendered":"Karbonowa przed\u0142u\u017cka Multi-tool EP7501 EGO POWER+"},"content":{"rendered":"<p>Wyj\u0105tkowa lekko\u015b\u0107 i moc<br \/>\nKarbonowa przed\u0142u\u017cka Multi-tool EP7501 EGO POWER+ to idealne rozwi\u0105zanie dla tych, kt\u00f3rzy potrzebuj\u0105 si\u0119ga\u0107 wysoko i daleko bez u\u017cycia drabiny. Dzi\u0119ki wadze zaledwie 0.6 kg, jest niezwykle lekka, co zapewnia komfort pracy nawet przez d\u0142u\u017cszy czas. Mocna konstrukcja pozwala na efektywne wykonywanie zada\u0144, niezale\u017cnie od ich trudno\u015bci.<\/p>\n<p>\u0141atwo\u015b\u0107 u\u017cycia<br \/>\nJednym z najwi\u0119kszych atut\u00f3w przed\u0142u\u017cki Multi-tool EP7501 jest jej prostota obs\u0142ugi. Wystarczy wsun\u0105\u0107 potrzebne narz\u0119dzie i mo\u017cna natychmiast przyst\u0105pi\u0107 do pracy. To rozwi\u0105zanie eliminuje konieczno\u015b\u0107 wyci\u0105gania r\u0105k czy skakania, co znacz\u0105co zwi\u0119ksza bezpiecze\u0144stwo i efektywno\u015b\u0107 pracy.<\/p>\n<p>Wszechstronno\u015b\u0107 i zasi\u0119g<br \/>\nDzi\u0119ki ca\u0142kowitej d\u0142ugo\u015bci 78 cm, przed\u0142u\u017cka Multi-tool EP7501 EGO POWER+ pozwala na si\u0119ganie do trudno dost\u0119pnych miejsc. Jest to idealne narz\u0119dzie do pracy w ogrodzie, przy piel\u0119gnacji drzew i krzew\u00f3w, a tak\u017ce w innych sytuacjach wymagaj\u0105cych du\u017cego zasi\u0119gu. Wszechstronno\u015b\u0107 tego narz\u0119dzia sprawia, \u017ce jest niezast\u0105pione w ka\u017cdym domu i ogrodzie.<\/p>\n<p>Pasuje do: PH1400E, PH1420E oraz PHX1600E<\/p>\n","protected":false},"excerpt":{"rendered":"<p><strong>Urz\u0105dzenie multi-tool<\/strong><\/p>\n<p><strong>Waga [kg]<\/strong> 0.6<br \/>\n<strong>D\u0142ugo\u015b\u0107 ca\u0142kowita [cm]<\/strong> 78<\/p>\n","protected":false},"featured_media":31855,"template":"","meta":[],"product_brand":[103],"product_cat":[146,73],"product_tag":[],"class_list":{"0":"post-31854","1":"product","2":"type-product","3":"status-publish","4":"has-post-thumbnail","6":"product_brand-ego","7":"product_cat-przedluzka","8":"product_cat-akcesoria","10":"first","11":"instock","12":"sale","13":"shipping-taxable","14":"purchasable","15":"product-type-simple"},"aioseo_notices":[],"_links":{"self":[{"href":"https:\/\/profika.com.pl\/index.php\/wp-json\/wp\/v2\/product\/31854","targetHints":{"allow":["GET"]}}],"collection":[{"href":"https:\/\/profika.com.pl\/index.php\/wp-json\/wp\/v2\/product"}],"about":[{"href":"https:\/\/profika.com.pl\/index.php\/wp-json\/wp\/v2\/types\/product"}],"version-history":[{"count":2,"href":"https:\/\/profika.com.pl\/index.php\/wp-json\/wp\/v2\/product\/31854\/revisions"}],"predecessor-version":[{"id":31857,"href":"https:\/\/profika.com.pl\/index.php\/wp-json\/wp\/v2\/product\/31854\/revisions\/31857"}],"wp:featuredmedia":[{"embeddable":true,"href":"https:\/\/profika.com.pl\/index.php\/wp-json\/wp\/v2\/media\/31855"}],"wp:attachment":[{"href":"https:\/\/profika.com.pl\/index.php\/wp-json\/wp\/v2\/media?parent=31854"}],"wp:term":[{"taxonomy":"product_brand","embeddable":true,"href":"https:\/\/profika.com.pl\/index.php\/wp-json\/wp\/v2\/product_brand?post=31854"},{"taxonomy":"product_cat","embeddable":true,"href":"https:\/\/profika.com.pl\/index.php\/wp-json\/wp\/v2\/product_cat?post=31854"},{"taxonomy":"product_tag","embeddable":true,"href":"https:\/\/profika.com.pl\/index.php\/wp-json\/wp\/v2\/product_tag?post=31854"}],"curies":[{"name":"wp","href":"https:\/\/api.w.org\/{rel}","templated":true}]}}