{"id":31860,"date":"2026-02-23T13:08:59","date_gmt":"2026-02-23T12:08:59","guid":{"rendered":"https:\/\/profika.com.pl\/?post_type=product&#038;p=31860"},"modified":"2026-02-23T13:08:59","modified_gmt":"2026-02-23T12:08:59","slug":"urzadzenie-bazowe-multi-tool-ph1420e-powerhead-56v-ego-power","status":"publish","type":"product","link":"https:\/\/profika.com.pl\/index.php\/produkt\/urzadzenie-bazowe-multi-tool-ph1420e-powerhead-56v-ego-power\/","title":{"rendered":"Urz\u0105dzenie bazowe Multi-tool PH1420E Powerhead 56V EGO Power+"},"content":{"rendered":"<p>Wszechstronno\u015b\u0107 i moc w jednym urz\u0105dzeniu<br \/>\nG\u0142owica nap\u0119dowa PH1420E to serce systemu Multi-Tool EGO Power+, stworzonego z my\u015bl\u0105 o maksymalnej elastyczno\u015bci i wygodzie pracy w ogrodzie. Dzi\u0119ki mo\u017cliwo\u015bci pod\u0142\u0105czenia a\u017c 15 r\u00f3\u017cnych przystawek, PH1420E pozwala \u0142atwo dostosowa\u0107 narz\u0119dzie do aktualnych potrzeb \u2013 od przycinania \u017cywop\u0142ot\u00f3w, przez koszenie, a\u017c po od\u015bnie\u017canie. Kompaktowa i dobrze wywa\u017cona konstrukcja z mi\u0119kkim uchwytem zapewnia komfort pracy nawet przez wiele godzin.<\/p>\n<p>Nowoczesna technologia zasilania EGO Power+<br \/>\nG\u0142owica PH1420E zasilana jest przez innowacyjny akumulator 56V ARC Lithium\u2122, kt\u00f3ry oferuje moc por\u00f3wnywaln\u0105 z urz\u0105dzeniami spalinowymi, ale bez ha\u0142asu, spalin i koszt\u00f3w paliwa. Bezszczotkowy silnik zapewnia wysok\u0105 efektywno\u015b\u0107 pracy oraz d\u0142u\u017csz\u0105 \u017cywotno\u015b\u0107 narz\u0119dzia. Urz\u0105dzenie jest kompatybilne ze wszystkimi akumulatorami EGO, co czyni je cz\u0119\u015bci\u0105 w pe\u0142ni modu\u0142owego i wydajnego ekosystemu ogrodowego.<\/p>\n<p>Praca \u0142atwiejsza, czystsza i cichsza<br \/>\nPH1420E to idealne rozwi\u0105zanie dla tych, kt\u00f3rzy szukaj\u0105 niezawodnego i ekologicznego narz\u0119dzia do ca\u0142orocznych prac ogrodowych. Brak emisji spalin, niskie wibracje oraz cicha praca znacz\u0105co poprawiaj\u0105 komfort u\u017cytkowania, a prostota obs\u0142ugi i \u0142atwa konserwacja pozwalaj\u0105 zaoszcz\u0119dzi\u0107 czas i pieni\u0105dze. To doskona\u0142y wyb\u00f3r zar\u00f3wno dla u\u017cytkownik\u00f3w domowych, jak i profesjonalist\u00f3w, kt\u00f3rzy ceni\u0105 sobie niezawodno\u015b\u0107 i elastyczno\u015b\u0107.<\/p>\n","protected":false},"excerpt":{"rendered":"<p>Wszechstronno\u015b\u0107 i moc w jednym urz\u0105dzeniu G\u0142owica nap\u0119dowa PH1420E to serce systemu Multi-Tool EGO Power+, stworzonego z my\u015bl\u0105 o maksymalnej<\/p>\n","protected":false},"featured_media":31861,"template":"","meta":[],"product_brand":[103],"product_cat":[144,74],"product_tag":[],"class_list":{"0":"post-31860","1":"product","2":"type-product","3":"status-publish","4":"has-post-thumbnail","6":"product_brand-ego","7":"product_cat-multi-tool","8":"product_cat-narzedzia","10":"first","11":"instock","12":"sale","13":"shipping-taxable","14":"purchasable","15":"product-type-simple"},"aioseo_notices":[],"_links":{"self":[{"href":"https:\/\/profika.com.pl\/index.php\/wp-json\/wp\/v2\/product\/31860","targetHints":{"allow":["GET"]}}],"collection":[{"href":"https:\/\/profika.com.pl\/index.php\/wp-json\/wp\/v2\/product"}],"about":[{"href":"https:\/\/profika.com.pl\/index.php\/wp-json\/wp\/v2\/types\/product"}],"version-history":[{"count":1,"href":"https:\/\/profika.com.pl\/index.php\/wp-json\/wp\/v2\/product\/31860\/revisions"}],"predecessor-version":[{"id":31862,"href":"https:\/\/profika.com.pl\/index.php\/wp-json\/wp\/v2\/product\/31860\/revisions\/31862"}],"wp:featuredmedia":[{"embeddable":true,"href":"https:\/\/profika.com.pl\/index.php\/wp-json\/wp\/v2\/media\/31861"}],"wp:attachment":[{"href":"https:\/\/profika.com.pl\/index.php\/wp-json\/wp\/v2\/media?parent=31860"}],"wp:term":[{"taxonomy":"product_brand","embeddable":true,"href":"https:\/\/profika.com.pl\/index.php\/wp-json\/wp\/v2\/product_brand?post=31860"},{"taxonomy":"product_cat","embeddable":true,"href":"https:\/\/profika.com.pl\/index.php\/wp-json\/wp\/v2\/product_cat?post=31860"},{"taxonomy":"product_tag","embeddable":true,"href":"https:\/\/profika.com.pl\/index.php\/wp-json\/wp\/v2\/product_tag?post=31860"}],"curies":[{"name":"wp","href":"https:\/\/api.w.org\/{rel}","templated":true}]}}