{"id":31865,"date":"2026-02-24T09:03:58","date_gmt":"2026-02-24T08:03:58","guid":{"rendered":"https:\/\/profika.com.pl\/?post_type=product&#038;p=31865"},"modified":"2026-02-24T09:03:58","modified_gmt":"2026-02-24T08:03:58","slug":"aerator-spalinowy-rurkowy-greenman-ae500-500mm-80mm-loncin-g200f","status":"publish","type":"product","link":"https:\/\/profika.com.pl\/index.php\/produkt\/aerator-spalinowy-rurkowy-greenman-ae500-500mm-80mm-loncin-g200f\/","title":{"rendered":"AERATOR SPALINOWY RURKOWY GREENMAN AE500 500MM 80MM LONCIN G200F"},"content":{"rendered":"<p>Lepsza przepuszczalno\u015b\u0107 gleby \u2013 Usuwa rdzenie ziemi, tworz\u0105c otwory, kt\u00f3re u\u0142atwiaj\u0105 dost\u0119p powietrza, wody i sk\u0142adnik\u00f3w od\u017cywczych do korzeni trawy.<br \/>\nZapobieganie zag\u0119szczaniu gleby \u2013 W przeciwie\u0144stwie do aerator\u00f3w kolcowych, nie ubija dodatkowo gleby, lecz skutecznie j\u0105 rozlu\u017ania.<br \/>\nPoprawa nawodnienia i nawo\u017cenia \u2013 Otwory pozostawione przez rurki pomagaj\u0105 w skuteczniejszym wch\u0142anianiu wody i nawoz\u00f3w, co przyspiesza wzrost trawy.<br \/>\nLepszy system korzeniowy \u2013 Regularne aerowanie rurkowe pobudza traw\u0119 do g\u0142\u0119bszego ukorzeniania si\u0119, co zwi\u0119ksza jej odporno\u015b\u0107 na susz\u0119 i choroby.<br \/>\nZdrowszy i g\u0119stszy trawnik \u2013 Dzi\u0119ki lepszej wymianie gazowej i dost\u0119pno\u015bci sk\u0142adnik\u00f3w od\u017cywczych trawa szybciej si\u0119 regeneruje i zag\u0119szcza.<br \/>\nIdealny do profesjonalnego u\u017cytku \u2013 Stosowany na boiskach sportowych, polach golfowych i du\u017cych trawnikach, gdzie liczy si\u0119 d\u0142ugotrwa\u0142a poprawa jako\u015bci gleby.<br \/>\nEfekty utrzymuj\u0105 si\u0119 d\u0142u\u017cej \u2013 W przeciwie\u0144stwie do aeracji kolcowej, kt\u00f3ra daje kr\u00f3tkotrwa\u0142e efekty, aeracja rurkowa poprawia struktur\u0119 gleby na wiele miesi\u0119cy.<br \/>\nSkuteczno\u015b\u0107 na r\u00f3\u017cnych typach gleby \u2013 Szczeg\u00f3lnie polecany do ci\u0119\u017ckich i gliniastych gleb, kt\u00f3re maj\u0105 tendencj\u0119 do szybkiego zag\u0119szczania.<\/p>\n","protected":false},"excerpt":{"rendered":"<p><strong>silnik:<\/strong> Loncin G200F<br \/>\n<strong>pojemno\u015b\u0107 silnika:<\/strong> 196 cm3<br \/>\n<strong>moc:<\/strong> 4,1kW (5,5KM) \/ 3600 obr\/min<br \/>\n<strong>szeroko\u015b\u0107 robocza:<\/strong> 500mm<br \/>\n<strong>g\u0142\u0119boko\u015b\u0107 robocza:<\/strong> 80mm maksymalnie<br \/>\n<strong>przek\u0142adnia:<\/strong> Nap\u0119d podstawowy za pomoc\u0105 paska \/ nap\u0119d drugi \u0142a\u0144cuchowy<br \/>\n<strong>rurka robocza:<\/strong> \u00d8 20mm, 30 sztuk<br \/>\n<strong>ilo\u015b\u0107 otw\u00f3r\u00f3w na m2:<\/strong> 76 otwor\u00f3w<br \/>\n<strong>pr\u0119dko\u015b\u0107 do przodu:<\/strong> 4,75 km\/h<br \/>\n<strong>efektywno\u015b\u0107:<\/strong> 2420 m2\/h<br \/>\n<strong>zdejmowane obci\u0105\u017cniki:<\/strong> 2 szt po 21kg<br \/>\n<strong>waga netto:<\/strong> 180kg<br \/>\n<strong>waga brutto:<\/strong> 200 kg<br \/>\n<strong>rozmiar og\u00f3lny:<\/strong> 1470x830x1180mm<br \/>\n<strong>opakowanie:<\/strong> 880x880x960mm<\/p>\n","protected":false},"featured_media":31866,"template":"","meta":[],"product_brand":[147],"product_cat":[134,78],"product_tag":[],"class_list":{"0":"post-31865","1":"product","2":"type-product","3":"status-publish","4":"has-post-thumbnail","6":"product_brand-greenman","7":"product_cat-maszyny","8":"product_cat-aeratory","10":"first","11":"instock","12":"sale","13":"shipping-taxable","14":"purchasable","15":"product-type-simple"},"aioseo_notices":[],"_links":{"self":[{"href":"https:\/\/profika.com.pl\/index.php\/wp-json\/wp\/v2\/product\/31865","targetHints":{"allow":["GET"]}}],"collection":[{"href":"https:\/\/profika.com.pl\/index.php\/wp-json\/wp\/v2\/product"}],"about":[{"href":"https:\/\/profika.com.pl\/index.php\/wp-json\/wp\/v2\/types\/product"}],"version-history":[{"count":5,"href":"https:\/\/profika.com.pl\/index.php\/wp-json\/wp\/v2\/product\/31865\/revisions"}],"predecessor-version":[{"id":31872,"href":"https:\/\/profika.com.pl\/index.php\/wp-json\/wp\/v2\/product\/31865\/revisions\/31872"}],"wp:featuredmedia":[{"embeddable":true,"href":"https:\/\/profika.com.pl\/index.php\/wp-json\/wp\/v2\/media\/31866"}],"wp:attachment":[{"href":"https:\/\/profika.com.pl\/index.php\/wp-json\/wp\/v2\/media?parent=31865"}],"wp:term":[{"taxonomy":"product_brand","embeddable":true,"href":"https:\/\/profika.com.pl\/index.php\/wp-json\/wp\/v2\/product_brand?post=31865"},{"taxonomy":"product_cat","embeddable":true,"href":"https:\/\/profika.com.pl\/index.php\/wp-json\/wp\/v2\/product_cat?post=31865"},{"taxonomy":"product_tag","embeddable":true,"href":"https:\/\/profika.com.pl\/index.php\/wp-json\/wp\/v2\/product_tag?post=31865"}],"curies":[{"name":"wp","href":"https:\/\/api.w.org\/{rel}","templated":true}]}}