{"id":31873,"date":"2026-02-24T09:27:29","date_gmt":"2026-02-24T08:27:29","guid":{"rendered":"https:\/\/profika.com.pl\/?post_type=product&#038;p=31873"},"modified":"2026-02-24T09:27:29","modified_gmt":"2026-02-24T08:27:29","slug":"traktorek-spalinowy-farmix-4x4-18km","status":"publish","type":"product","link":"https:\/\/profika.com.pl\/index.php\/produkt\/traktorek-spalinowy-farmix-4x4-18km\/","title":{"rendered":"Traktorek spalinowy FARMIX 4&#215;4 18KM"},"content":{"rendered":"","protected":false},"excerpt":{"rendered":"<p><strong>Najwa\u017cniejsze cechy MasterCut MC1800G:<\/strong><br \/>\nMocny silnik 18 KM<br \/>\nNap\u0119d 4&#215;4 \u2013 maksymalna przyczepno\u015b\u0107<br \/>\nPodno\u015bnik hydrauliczny prz\u00f3d i ty\u0142<br \/>\nTylny wa\u0142ek WOM \u2013 880 obr\/min<br \/>\nSkrzynia bieg\u00f3w 4 do przodu i 2 do ty\u0142u<br \/>\nPr\u0119dko\u015b\u0107 do 12 km\/h<br \/>\nElektryczny i r\u0119czny rozruch<br \/>\nRolnicze ko\u0142a zapewniaj\u0105ce stabilno\u015b\u0107<br \/>\nSolidna konstrukcja \u2013 405 kg<br \/>\n<strong>Silnik:<\/strong><br \/>\nModel: Mastercut 192FE<br \/>\nPojemno\u015b\u0107: 452 cm\u00b3<br \/>\nMoc maksymalna: 13,1 kW \/ 18 KM<br \/>\nPojemno\u015b\u0107 zbiornika paliwa: 5,5 l<br \/>\nRozruch: elektryczny + r\u0119czny<br \/>\n<strong>Uk\u0142ad roboczy:<\/strong><br \/>\nPodno\u015bnik hydrauliczny: prz\u00f3d i ty\u0142<br \/>\nWa\u0142ek WOM: ty\u0142<br \/>\nPr\u0119dko\u015b\u0107 WOM: 880 obr\/min<\/p>\n","protected":false},"featured_media":31874,"template":"","meta":[],"product_brand":[132],"product_cat":[148],"product_tag":[],"class_list":{"0":"post-31873","1":"product","2":"type-product","3":"status-publish","4":"has-post-thumbnail","6":"product_brand-mastercut","7":"product_cat-traktorki","9":"first","10":"instock","11":"sale","12":"shipping-taxable","13":"purchasable","14":"product-type-simple"},"aioseo_notices":[],"_links":{"self":[{"href":"https:\/\/profika.com.pl\/index.php\/wp-json\/wp\/v2\/product\/31873","targetHints":{"allow":["GET"]}}],"collection":[{"href":"https:\/\/profika.com.pl\/index.php\/wp-json\/wp\/v2\/product"}],"about":[{"href":"https:\/\/profika.com.pl\/index.php\/wp-json\/wp\/v2\/types\/product"}],"version-history":[{"count":3,"href":"https:\/\/profika.com.pl\/index.php\/wp-json\/wp\/v2\/product\/31873\/revisions"}],"predecessor-version":[{"id":31880,"href":"https:\/\/profika.com.pl\/index.php\/wp-json\/wp\/v2\/product\/31873\/revisions\/31880"}],"wp:featuredmedia":[{"embeddable":true,"href":"https:\/\/profika.com.pl\/index.php\/wp-json\/wp\/v2\/media\/31874"}],"wp:attachment":[{"href":"https:\/\/profika.com.pl\/index.php\/wp-json\/wp\/v2\/media?parent=31873"}],"wp:term":[{"taxonomy":"product_brand","embeddable":true,"href":"https:\/\/profika.com.pl\/index.php\/wp-json\/wp\/v2\/product_brand?post=31873"},{"taxonomy":"product_cat","embeddable":true,"href":"https:\/\/profika.com.pl\/index.php\/wp-json\/wp\/v2\/product_cat?post=31873"},{"taxonomy":"product_tag","embeddable":true,"href":"https:\/\/profika.com.pl\/index.php\/wp-json\/wp\/v2\/product_tag?post=31873"}],"curies":[{"name":"wp","href":"https:\/\/api.w.org\/{rel}","templated":true}]}}