{"id":31910,"date":"2026-03-03T12:09:43","date_gmt":"2026-03-03T11:09:43","guid":{"rendered":"https:\/\/profika.com.pl\/?post_type=product&#038;p=31910"},"modified":"2026-03-03T12:09:43","modified_gmt":"2026-03-03T11:09:43","slug":"kosiarka-spalinowa-g-force-xsz46-honda-170cc","status":"publish","type":"product","link":"https:\/\/profika.com.pl\/index.php\/produkt\/kosiarka-spalinowa-g-force-xsz46-honda-170cc\/","title":{"rendered":"Kosiarka spalinowa G-Force XSZ46 HONDA 170cc"},"content":{"rendered":"<p>G-Force XSZ46 4w1 to nowoczesna kosiarka spalinowa z nap\u0119dem, wyposa\u017cona w silnik Honda 170 cm3, kt\u00f3ry zapewnia niezawodno\u015b\u0107 i wysok\u0105 wydajno\u015b\u0107 pracy.<br \/>\nDzi\u0119ki funkcji 4 w 1 u\u017cytkownik ma pe\u0142n\u0105 swobod\u0119 wyboru sposobu koszenia.<\/p>\n<p>Wydajny silnik Honda<br \/>\nSilnik Honda 170 cm3 \u2013 trwa\u0142y, oszcz\u0119dny i mocny.<br \/>\n\u0141atwy rozruch \u2013 bezproblemowe uruchamianie w ka\u017cdych warunkach.<\/p>\n<p>Nap\u0119d G-Force \u2013 wygoda i komfort pracy<br \/>\nNap\u0119d na tylne ko\u0142a \u2013 u\u0142atwia prowadzenie kosiarki nawet na nier\u00f3wnym terenie.<br \/>\nLepsza mobilno\u015b\u0107 \u2013 p\u0142ynna jazda i komfortowe manewrowanie.<\/p>\n<p>4 w 1 \u2013 dostosuj koszenie do swoich potrzeb<br \/>\nZbieranie do kosza \u2013 idealne dla os\u00f3b ceni\u0105cych porz\u0105dek.<br \/>\nWyrzut boczny \u2013 szybkie koszenie wi\u0119kszych powierzchni.<br \/>\nMielenie\/mulczowanie \u2013 naturalne nawo\u017cenie trawnika.<br \/>\nWyrzut tylny \u2013 sprawna praca bez potrzeby opr\u00f3\u017cniania kosza.<\/p>\n<p>Komfortowe u\u017cytkowanie<br \/>\nCentralna regulacja wysoko\u015bci \u2013 7 poziom\u00f3w ci\u0119cia dla precyzyjnej piel\u0119gnacji trawnika.<br \/>\n\u0141o\u017cyskowane ko\u0142a 20\/25 cm \u2013 lepsza przyczepno\u015b\u0107 i p\u0142ynno\u015b\u0107 jazdy.<br \/>\nRegulowany uchwyt prowadz\u0105cy \u2013 dopasowanie do wzrostu u\u017cytkownika.<br \/>\nMi\u0119kki uchwyt \u2013 pewny i wygodny chwyt.<\/p>\n<p>Solidna konstrukcja \u2013 trwa\u0142o\u015b\u0107 na lata<br \/>\nStalowy korpus \u2013 wykonany z blachy 1,7 mm, odporny na uszkodzenia i korozj\u0119.<br \/>\nLakier dwuwarstwowy z podk\u0142adem \u2013 dodatkowa ochrona przed czynnikami atmosferycznymi.<br \/>\nPrzedni zderzak \u2013 zwi\u0119kszona ochrona przy uderzeniach.<\/p>\n<p>Pojemny kosz \u2013 efektywna praca<br \/>\nKosz 55 L \u2013 mniej przerw na opr\u00f3\u017cnianie.<br \/>\nWska\u017anik nape\u0142nienia \u2013 informuje, kiedy nale\u017cy opr\u00f3\u017cni\u0107 kosz.<\/p>\n","protected":false},"excerpt":{"rendered":"<p><strong>Specyfikacja:<\/strong><br \/>\n<strong>SILNIK<\/strong> SPALINOWY<br \/>\n<strong>TYP SILNIKA<\/strong> 4 SUWOWY, JEDNOCYLINDROWY<br \/>\n<strong>MODEL SILNIKA<\/strong> HONDA GCV 170<br \/>\n<strong>POJEMNO\u015a\u0106 SILNIKA<\/strong> 170 CC<br \/>\n<strong>KOSZ<\/strong> 55 L<br \/>\n<strong>FUNKCJE<\/strong> ZBIERANIE DO KOSZA, WYRZUT BOCZNY, MIELENIE \/ MULCZOWANIE, WYRZUT TYLNY<br \/>\n<strong>REGULACJA WYSOKO\u015aCI<\/strong> CENTRALNA 7 POZYCYJNA<br \/>\n<strong>NAP\u0118D<\/strong> TAK \/ G-FORCE<br \/>\n<strong>KORPUS<\/strong> STALOWY<br \/>\n<strong>PALIWO<\/strong> ETYLINA 95 BEZO\u0141OWIOWA<br \/>\n<strong>SZEROKO\u015a\u0106<\/strong> 46 CM<br \/>\n<strong>ZESP\u00d3\u0141 TN\u0104CY<\/strong> N\u00d3\u017b<br \/>\n<strong>KO\u0141A PRZ\u00d3D \/ TY\u0141<\/strong> \u0141O\u017bYSKOWANE 20 CM \/ 25 CM<br \/>\n<strong>SSANIE<\/strong> AUTOMATYCZNE<br \/>\n<strong>WYSOKO\u015a\u0106 KOSZENIA<\/strong> 25 MM \u2013 75 MM<br \/>\n<strong>MI\u0118KKI UCHWYT<\/strong> TAK<br \/>\n<strong>REGULOWANY UCHWYT<\/strong> TAK<br \/>\n<strong>PRZEDNI ZDERZAK, GRZEBIE\u0143<\/strong> TAK<br \/>\n<strong>WAGA<\/strong> 34 KG<\/p>\n","protected":false},"featured_media":31911,"template":"","meta":[],"product_brand":[150],"product_cat":[139,74],"product_tag":[],"class_list":{"0":"post-31910","1":"product","2":"type-product","3":"status-publish","4":"has-post-thumbnail","6":"product_brand-grass","7":"product_cat-kosiarki-spalinowe","8":"product_cat-narzedzia","10":"first","11":"instock","12":"sale","13":"shipping-taxable","14":"purchasable","15":"product-type-simple"},"aioseo_notices":[],"_links":{"self":[{"href":"https:\/\/profika.com.pl\/index.php\/wp-json\/wp\/v2\/product\/31910","targetHints":{"allow":["GET"]}}],"collection":[{"href":"https:\/\/profika.com.pl\/index.php\/wp-json\/wp\/v2\/product"}],"about":[{"href":"https:\/\/profika.com.pl\/index.php\/wp-json\/wp\/v2\/types\/product"}],"version-history":[{"count":1,"href":"https:\/\/profika.com.pl\/index.php\/wp-json\/wp\/v2\/product\/31910\/revisions"}],"predecessor-version":[{"id":31914,"href":"https:\/\/profika.com.pl\/index.php\/wp-json\/wp\/v2\/product\/31910\/revisions\/31914"}],"wp:featuredmedia":[{"embeddable":true,"href":"https:\/\/profika.com.pl\/index.php\/wp-json\/wp\/v2\/media\/31911"}],"wp:attachment":[{"href":"https:\/\/profika.com.pl\/index.php\/wp-json\/wp\/v2\/media?parent=31910"}],"wp:term":[{"taxonomy":"product_brand","embeddable":true,"href":"https:\/\/profika.com.pl\/index.php\/wp-json\/wp\/v2\/product_brand?post=31910"},{"taxonomy":"product_cat","embeddable":true,"href":"https:\/\/profika.com.pl\/index.php\/wp-json\/wp\/v2\/product_cat?post=31910"},{"taxonomy":"product_tag","embeddable":true,"href":"https:\/\/profika.com.pl\/index.php\/wp-json\/wp\/v2\/product_tag?post=31910"}],"curies":[{"name":"wp","href":"https:\/\/api.w.org\/{rel}","templated":true}]}}