{"id":31915,"date":"2026-03-03T12:16:30","date_gmt":"2026-03-03T11:16:30","guid":{"rendered":"https:\/\/profika.com.pl\/?post_type=product&#038;p=31915"},"modified":"2026-03-03T12:16:30","modified_gmt":"2026-03-03T11:16:30","slug":"kosiarka-spalinowa-g-force-xsz51a-m-loncin-224cc","status":"publish","type":"product","link":"https:\/\/profika.com.pl\/index.php\/produkt\/kosiarka-spalinowa-g-force-xsz51a-m-loncin-224cc\/","title":{"rendered":"Kosiarka spalinowa G-Force XSZ51A\/M Loncin 224cc"},"content":{"rendered":"<p>G-Force XSZ51A\/M 4w1 to wydajna kosiarka spalinowa z nap\u0119dem, stworzona do pracy na du\u017cych powierzchniach.<br \/>\nWyposa\u017cona w mocny silnik Loncin 224 cm3 z \u017celiwn\u0105 tulej\u0105 cylindra, zapewnia niezawodno\u015b\u0107, trwa\u0142o\u015b\u0107 i optymaln\u0105 wydajno\u015b\u0107.<\/p>\n<p>Silnik Loncin 224 cm3 \u2013 wytrzyma\u0142o\u015b\u0107 i moc<br \/>\n\u017beliwna tuleja cylindra \u2013 d\u0142u\u017csza \u017cywotno\u015b\u0107 i lepsza odporno\u015b\u0107 na zu\u017cycie.<br \/>\nAutomatyczne ssanie \u2013 \u0142atwe uruchamianie w ka\u017cdej sytuacji.<br \/>\nDu\u017ca moc \u2013 doskona\u0142e osi\u0105gi nawet w g\u0119stej trawie.<\/p>\n<p>Nap\u0119d General Transmissions \u2013 \u0142atwe koszenie bez wysi\u0142ku<br \/>\nNap\u0119d na tylne ko\u0142a \u2013 wi\u0119ksza kontrola i stabilno\u015b\u0107 na nier\u00f3wnym terenie.<br \/>\nP\u0142ynna, lekka jazda \u2013 zwi\u0119kszony komfort pracy.<\/p>\n<p>4 w 1 \u2013 pe\u0142na elastyczno\u015b\u0107 koszenia<br \/>\nZbieranie do kosza \u2013 czysty i schludny trawnik.<br \/>\nWyrzut boczny \u2013 szybkie koszenie du\u017cych powierzchni.<br \/>\nMielenie\/mulczowanie \u2013 naturalne nawo\u017cenie trawnika.<br \/>\nWyrzut tylny \u2013 efektywna praca na wi\u0119kszych terenach.<\/p>\n<p>Komfort obs\u0142ugi i precyzyjna regulacja<br \/>\nCentralna regulacja wysoko\u015bci \u2013 7-stopniowy system ustawiania wysoko\u015bci ci\u0119cia.<br \/>\n\u0141o\u017cyskowane ko\u0142a 20\/30 cm \u2013 \u0142atwe manewrowanie i stabilno\u015b\u0107.<br \/>\nRegulowany uchwyt prowadz\u0105cy \u2013 dostosowanie do u\u017cytkownika.<br \/>\nMi\u0119kki uchwyt \u2013 wygodne prowadzenie bez drga\u0144.<\/p>\n<p>Trwa\u0142a i solidna konstrukcja<br \/>\nStalowy korpus o grubo\u015bci 1,7 mm \u2013 odporny na uszkodzenia mechaniczne i korozj\u0119.<br \/>\nLakier dwuwarstwowy z podk\u0142adem \u2013 dodatkowa ochrona przed rdz\u0105.<br \/>\nPrzedni zderzak \u2013 wzmocniona ochrona przed uderzeniami.<\/p>\n<p>Pojemny kosz \u2013 mniej przerw na opr\u00f3\u017cnianie<br \/>\nKosz 60 L \u2013 d\u0142u\u017csza praca bez konieczno\u015bci cz\u0119stego opr\u00f3\u017cniania.<br \/>\nWska\u017anik nape\u0142nienia \u2013 wygodna kontrola poziomu zape\u0142nienia.<\/p>\n","protected":false},"excerpt":{"rendered":"<p><strong>Specyfikacja:<\/strong><br \/>\n<strong>SILNIK<\/strong> SPALINOWY<br \/>\n<strong>TYP SILNIKA<\/strong> 4 SUWOWY, JEDNOCYLINDROWY<br \/>\n<strong>MODEL SILNIKA<\/strong> LONCIN 224 CC<br \/>\n<strong>POJEMNO\u015a\u0106 SILNIKA<\/strong> 224 CC<br \/>\n<strong>KOSZ<\/strong> 60 L<br \/>\n<strong>FUNKCJE<\/strong> ZBIERANIE DO KOSZA, WYRZUT BOCZNY, MIELENIE \/ MULCZOWANIE, WYRZUT TYLNY<br \/>\n<strong>REGULACJA WYSOKO\u015aCI<\/strong> CENTRALNA 7 POZYCYJNA<br \/>\n<strong>NAP\u0118D<\/strong> TAK \/ GENERAL TRANSMISSIONS<br \/>\n<strong>KORPUS<\/strong> STALOWY<br \/>\n<strong>PALIWO<\/strong> ETYLINA 95 BEZO\u0141OWIOWA<br \/>\n<strong>SZEROKO\u015a\u0106<\/strong> 51 CM<br \/>\n<strong>ZESP\u00d3\u0141 TN\u0104CY<\/strong> N\u00d3\u017b<br \/>\n<strong>KO\u0141A PRZ\u00d3D \/ TY\u0141<\/strong> \u0141O\u017bYSKOWANE 20 CM \/ 30 CM<br \/>\n<strong>SSANIE<\/strong> AUTOMATYCZNE<br \/>\n\u017bELIWNA TULEJA CYLINDRA TAK<br \/>\n<strong>WYSOKO\u015a\u0106 KOSZENIA<\/strong> 25 MM \u2013 75 MM<br \/>\n<strong>MI\u0118KKI UCHWYT<\/strong> TAK<br \/>\n<strong>REGULOWANY UCHWYT<\/strong> TAK<br \/>\n<strong>PRZEDNI ZDERZAK, GRZEBIE\u0143<\/strong> TAK<br \/>\n<strong>WAGA<\/strong> 39 KG<\/p>\n","protected":false},"featured_media":31916,"template":"","meta":[],"product_brand":[150],"product_cat":[139,74],"product_tag":[],"class_list":{"0":"post-31915","1":"product","2":"type-product","3":"status-publish","4":"has-post-thumbnail","6":"product_brand-grass","7":"product_cat-kosiarki-spalinowe","8":"product_cat-narzedzia","10":"first","11":"instock","12":"sale","13":"shipping-taxable","14":"purchasable","15":"product-type-simple"},"aioseo_notices":[],"_links":{"self":[{"href":"https:\/\/profika.com.pl\/index.php\/wp-json\/wp\/v2\/product\/31915","targetHints":{"allow":["GET"]}}],"collection":[{"href":"https:\/\/profika.com.pl\/index.php\/wp-json\/wp\/v2\/product"}],"about":[{"href":"https:\/\/profika.com.pl\/index.php\/wp-json\/wp\/v2\/types\/product"}],"version-history":[{"count":1,"href":"https:\/\/profika.com.pl\/index.php\/wp-json\/wp\/v2\/product\/31915\/revisions"}],"predecessor-version":[{"id":31917,"href":"https:\/\/profika.com.pl\/index.php\/wp-json\/wp\/v2\/product\/31915\/revisions\/31917"}],"wp:featuredmedia":[{"embeddable":true,"href":"https:\/\/profika.com.pl\/index.php\/wp-json\/wp\/v2\/media\/31916"}],"wp:attachment":[{"href":"https:\/\/profika.com.pl\/index.php\/wp-json\/wp\/v2\/media?parent=31915"}],"wp:term":[{"taxonomy":"product_brand","embeddable":true,"href":"https:\/\/profika.com.pl\/index.php\/wp-json\/wp\/v2\/product_brand?post=31915"},{"taxonomy":"product_cat","embeddable":true,"href":"https:\/\/profika.com.pl\/index.php\/wp-json\/wp\/v2\/product_cat?post=31915"},{"taxonomy":"product_tag","embeddable":true,"href":"https:\/\/profika.com.pl\/index.php\/wp-json\/wp\/v2\/product_tag?post=31915"}],"curies":[{"name":"wp","href":"https:\/\/api.w.org\/{rel}","templated":true}]}}