{"id":31932,"date":"2026-03-03T12:56:50","date_gmt":"2026-03-03T11:56:50","guid":{"rendered":"https:\/\/profika.com.pl\/?post_type=product&#038;p=31932"},"modified":"2026-03-03T12:56:50","modified_gmt":"2026-03-03T11:56:50","slug":"wertykulator-spalinowy-grass-wr68110-212cc","status":"publish","type":"product","link":"https:\/\/profika.com.pl\/index.php\/produkt\/wertykulator-spalinowy-grass-wr68110-212cc\/","title":{"rendered":"Wertykulator spalinowy Grass WR68110 212cc"},"content":{"rendered":"<p>Vega WR68110 to spalinowy wertykulator przeznaczony do regeneracji trawnika.<br \/>\nDzi\u0119ki mocnemu silnikowi 212 cm3 oraz szeroko\u015bci roboczej 42 cm, efektywnie usuwa mech, filc i napowietrza gleb\u0119, wspomagaj\u0105c zdrowy wzrost trawy.<\/p>\n<p>Wydajny silnik spalinowy 212 cm3<br \/>\nMocny silnik zapewnia wysok\u0105 skuteczno\u015b\u0107 pracy.<br \/>\nBrak przewod\u00f3w \u2013 pe\u0142na swoboda manewrowania.<\/p>\n<p>Precyzyjna regulacja g\u0142\u0119boko\u015bci<br \/>\nZakres pracy od -12 mm do 10 mm \u2013 dostosowanie do r\u00f3\u017cnych potrzeb trawnika.<br \/>\nCentralna 6-stopniowa regulacja \u2013 \u0142atwa zmiana ustawie\u0144.<\/p>\n<p>Szeroko\u015b\u0107 robocza 42 cm<br \/>\nEfektywne wertykulowanie \u2013 szybka praca na wi\u0119kszych powierzchniach.<br \/>\n\u0141o\u017cyskowane ko\u0142a 18\/18 cm \u2013 p\u0142ynne prowadzenie nawet na nier\u00f3wnym terenie.<\/p>\n<p>2 w 1 \u2013 kompleksowa piel\u0119gnacja<br \/>\nWertykulacja \u2013 nacinanie darni i poprawa cyrkulacji powietrza.<br \/>\nAeracja \u2013 usuwanie mchu i martwej trawy.<\/p>\n<p>Praktyczne wyposa\u017cenie<br \/>\n2 wymienne wa\u0142ki \u2013 jeden z no\u017cami, drugi ze spr\u0119\u017cynami.<br \/>\nKosz 40 L \u2013 zbiera resztki organiczne, u\u0142atwiaj\u0105c utrzymanie porz\u0105dku.<\/p>\n","protected":false},"excerpt":{"rendered":"<p><strong>Specyfikacja:<\/strong><br \/>\n<strong>SILNIK<\/strong> SPALINOWY<br \/>\n<strong>TYP SILNIKA<\/strong> 4 SUWOWY, JEDNOCYLINDROWY<br \/>\n<strong>KOSZ<\/strong> 40 L<br \/>\n<strong>FUNKCJE<\/strong> WERTYKULACJA, AERACJA<br \/>\n<strong>REGULACJA WYSOKO\u015aCI<\/strong> CENTRALNA 6 POZYCYJNA<br \/>\n<strong>KORPUS<\/strong> STALOWY<br \/>\n<strong>PALIWO<\/strong> ETYLINA 95 BEZO\u0141OWIOWA<br \/>\n<strong>SZEROKO\u015a\u0106<\/strong> 42 CM<br \/>\n<strong>KO\u0141A PRZ\u00d3D \/ TY\u0141<\/strong> \u0141O\u017bYSKOWANE 18 CM \/ 18 CM<br \/>\n<strong>POJEMNO\u015a\u0106<\/strong> 212 CM3<br \/>\n<strong>SSANIE<\/strong> P\u00d3\u0141AUTOMATYCZNE, D\u0179WIGNIA<br \/>\n<strong>MI\u0118KKI UCHWYT<\/strong> TAK<br \/>\n<strong>WYSOKO\u015a\u0106 PRACY<\/strong> -12 MM DO 10 MM<br \/>\n<strong>W ZESTAWIE<\/strong> 2 WYMIENNE WA\u0141KI ZE SPR\u0118\u017bYNAMI I NO\u017bAMI<br \/>\n<strong>WAGA<\/strong> 37 KG<\/p>\n","protected":false},"featured_media":31933,"template":"","meta":[],"product_brand":[150],"product_cat":[74,78],"product_tag":[],"class_list":{"0":"post-31932","1":"product","2":"type-product","3":"status-publish","4":"has-post-thumbnail","6":"product_brand-grass","7":"product_cat-narzedzia","8":"product_cat-aeratory","10":"first","11":"instock","12":"sale","13":"shipping-taxable","14":"purchasable","15":"product-type-simple"},"aioseo_notices":[],"_links":{"self":[{"href":"https:\/\/profika.com.pl\/index.php\/wp-json\/wp\/v2\/product\/31932","targetHints":{"allow":["GET"]}}],"collection":[{"href":"https:\/\/profika.com.pl\/index.php\/wp-json\/wp\/v2\/product"}],"about":[{"href":"https:\/\/profika.com.pl\/index.php\/wp-json\/wp\/v2\/types\/product"}],"version-history":[{"count":1,"href":"https:\/\/profika.com.pl\/index.php\/wp-json\/wp\/v2\/product\/31932\/revisions"}],"predecessor-version":[{"id":31934,"href":"https:\/\/profika.com.pl\/index.php\/wp-json\/wp\/v2\/product\/31932\/revisions\/31934"}],"wp:featuredmedia":[{"embeddable":true,"href":"https:\/\/profika.com.pl\/index.php\/wp-json\/wp\/v2\/media\/31933"}],"wp:attachment":[{"href":"https:\/\/profika.com.pl\/index.php\/wp-json\/wp\/v2\/media?parent=31932"}],"wp:term":[{"taxonomy":"product_brand","embeddable":true,"href":"https:\/\/profika.com.pl\/index.php\/wp-json\/wp\/v2\/product_brand?post=31932"},{"taxonomy":"product_cat","embeddable":true,"href":"https:\/\/profika.com.pl\/index.php\/wp-json\/wp\/v2\/product_cat?post=31932"},{"taxonomy":"product_tag","embeddable":true,"href":"https:\/\/profika.com.pl\/index.php\/wp-json\/wp\/v2\/product_tag?post=31932"}],"curies":[{"name":"wp","href":"https:\/\/api.w.org\/{rel}","templated":true}]}}